{"id":34329,"date":"2025-12-14T09:06:38","date_gmt":"2025-12-14T06:06:38","guid":{"rendered":"https:\/\/demo.filizdigital.com\/?post_type=product&#038;p=34329"},"modified":"2025-12-14T09:06:43","modified_gmt":"2025-12-14T06:06:43","slug":"ziyaretcilerin-gozluk-takmasi-zorunludur","status":"publish","type":"product","link":"https:\/\/demo.filizdigital.com\/index.php\/urun\/ziyaretcilerin-gozluk-takmasi-zorunludur\/","title":{"rendered":"Ziyaret\u00e7ilerin G\u00f6zl\u00fck Takmas\u0131 Zorunludur"},"content":{"rendered":"<h3>Ziyaret\u00e7ilerin G\u00f6zl\u00fck Takmas\u0131 Zorunludur<\/h3>\n","protected":false},"excerpt":{"rendered":"<p>Ziyaret\u00e7ilerin G\u00f6zl\u00fck Takmas\u0131 Zorunludur Uyar\u0131 Levhas\u0131<\/p>\n","protected":false},"featured_media":34359,"comment_status":"open","ping_status":"closed","template":"","meta":[],"product_brand":[],"product_cat":[68],"product_tag":[69,70],"class_list":{"0":"post-34329","1":"product","2":"type-product","3":"status-publish","4":"has-post-thumbnail","6":"product_cat-kisisel-koruyucu-donanimlar","7":"product_tag-gozluk","8":"product_tag-ziyaretci","10":"first","11":"instock","12":"shipping-taxable","13":"purchasable","14":"product-type-variable","15":"has-default-attributes"},"_links":{"self":[{"href":"https:\/\/demo.filizdigital.com\/index.php\/wp-json\/wp\/v2\/product\/34329","targetHints":{"allow":["GET"]}}],"collection":[{"href":"https:\/\/demo.filizdigital.com\/index.php\/wp-json\/wp\/v2\/product"}],"about":[{"href":"https:\/\/demo.filizdigital.com\/index.php\/wp-json\/wp\/v2\/types\/product"}],"replies":[{"embeddable":true,"href":"https:\/\/demo.filizdigital.com\/index.php\/wp-json\/wp\/v2\/comments?post=34329"}],"wp:featuredmedia":[{"embeddable":true,"href":"https:\/\/demo.filizdigital.com\/index.php\/wp-json\/wp\/v2\/media\/34359"}],"wp:attachment":[{"href":"https:\/\/demo.filizdigital.com\/index.php\/wp-json\/wp\/v2\/media?parent=34329"}],"wp:term":[{"taxonomy":"product_brand","embeddable":true,"href":"https:\/\/demo.filizdigital.com\/index.php\/wp-json\/wp\/v2\/product_brand?post=34329"},{"taxonomy":"product_cat","embeddable":true,"href":"https:\/\/demo.filizdigital.com\/index.php\/wp-json\/wp\/v2\/product_cat?post=34329"},{"taxonomy":"product_tag","embeddable":true,"href":"https:\/\/demo.filizdigital.com\/index.php\/wp-json\/wp\/v2\/product_tag?post=34329"}],"curies":[{"name":"wp","href":"https:\/\/api.w.org\/{rel}","templated":true}]}}