{"id":34517,"date":"2025-12-14T09:06:53","date_gmt":"2025-12-14T06:06:53","guid":{"rendered":"https:\/\/demo.filizdigital.com\/?post_type=product&#038;p=34517"},"modified":"2025-12-14T09:06:58","modified_gmt":"2025-12-14T06:06:58","slug":"2-metreden-yuksekte-calisirken-emniyet-kemeri-kullan","status":"publish","type":"product","link":"https:\/\/demo.filizdigital.com\/index.php\/urun\/2-metreden-yuksekte-calisirken-emniyet-kemeri-kullan\/","title":{"rendered":"2 Metreden Y\u00fcksekte \u00c7al\u0131\u015f\u0131rken Emniyet Kemeri Kullan"},"content":{"rendered":"<h3>2 Metreden Y\u00fcksekte \u00c7al\u0131\u015f\u0131rken Emniyet Kemeri Kullan Uyar\u0131 Levhas\u0131<\/h3>\n","protected":false},"excerpt":{"rendered":"<p>2 Metreden Y\u00fcksekte \u00c7al\u0131\u015f\u0131rken Emniyet Kemeri Kullan \u0130kaz Levhas\u0131<\/p>\n","protected":false},"featured_media":34543,"comment_status":"open","ping_status":"closed","template":"","meta":[],"product_brand":[],"product_cat":[96],"product_tag":[97,98],"class_list":{"0":"post-34517","1":"product","2":"type-product","3":"status-publish","4":"has-post-thumbnail","6":"product_cat-yukseklik-emniyet-kemeri","7":"product_tag-kemer","8":"product_tag-yukseklik","10":"first","11":"instock","12":"shipping-taxable","13":"purchasable","14":"product-type-variable","15":"has-default-attributes"},"_links":{"self":[{"href":"https:\/\/demo.filizdigital.com\/index.php\/wp-json\/wp\/v2\/product\/34517","targetHints":{"allow":["GET"]}}],"collection":[{"href":"https:\/\/demo.filizdigital.com\/index.php\/wp-json\/wp\/v2\/product"}],"about":[{"href":"https:\/\/demo.filizdigital.com\/index.php\/wp-json\/wp\/v2\/types\/product"}],"replies":[{"embeddable":true,"href":"https:\/\/demo.filizdigital.com\/index.php\/wp-json\/wp\/v2\/comments?post=34517"}],"wp:featuredmedia":[{"embeddable":true,"href":"https:\/\/demo.filizdigital.com\/index.php\/wp-json\/wp\/v2\/media\/34543"}],"wp:attachment":[{"href":"https:\/\/demo.filizdigital.com\/index.php\/wp-json\/wp\/v2\/media?parent=34517"}],"wp:term":[{"taxonomy":"product_brand","embeddable":true,"href":"https:\/\/demo.filizdigital.com\/index.php\/wp-json\/wp\/v2\/product_brand?post=34517"},{"taxonomy":"product_cat","embeddable":true,"href":"https:\/\/demo.filizdigital.com\/index.php\/wp-json\/wp\/v2\/product_cat?post=34517"},{"taxonomy":"product_tag","embeddable":true,"href":"https:\/\/demo.filizdigital.com\/index.php\/wp-json\/wp\/v2\/product_tag?post=34517"}],"curies":[{"name":"wp","href":"https:\/\/api.w.org\/{rel}","templated":true}]}}