{"id":34611,"date":"2025-12-14T09:07:00","date_gmt":"2025-12-14T06:07:00","guid":{"rendered":"https:\/\/demo.filizdigital.com\/?post_type=product&#038;p=34611"},"modified":"2025-12-14T09:07:05","modified_gmt":"2025-12-14T06:07:05","slug":"3x220-volt","status":"publish","type":"product","link":"https:\/\/demo.filizdigital.com\/index.php\/urun\/3x220-volt\/","title":{"rendered":"3&#215;220 Volt"},"content":{"rendered":"<h3>3&#215;220 Volt Elektrik Uyar\u0131 Levhas\u0131. Elektrik uyar\u0131 ile ilgili t\u00fcm levhalara\u00a0<a class=\"kategori\" href=\"https:\/\/uyarilevha.com\/product-category\/is-guvenlik-levhalari\/elektrik-uyari-levhari\/\">\u201cbu kategoriden\u201d<\/a>\u00a0ula\u015fabilirsin.<\/h3>\n","protected":false},"excerpt":{"rendered":"<p>3&#215;220 Volt Elektrik \u0130kaz Levhas\u0131<\/p>\n","protected":false},"featured_media":34635,"comment_status":"open","ping_status":"closed","template":"","meta":[],"product_brand":[],"product_cat":[103],"product_tag":[104,105],"class_list":{"0":"post-34611","1":"product","2":"type-product","3":"status-publish","4":"has-post-thumbnail","6":"product_cat-elektrik-uyari-levhari","7":"product_tag-elektrik","8":"product_tag-volt","10":"first","11":"instock","12":"shipping-taxable","13":"purchasable","14":"product-type-variable","15":"has-default-attributes"},"_links":{"self":[{"href":"https:\/\/demo.filizdigital.com\/index.php\/wp-json\/wp\/v2\/product\/34611","targetHints":{"allow":["GET"]}}],"collection":[{"href":"https:\/\/demo.filizdigital.com\/index.php\/wp-json\/wp\/v2\/product"}],"about":[{"href":"https:\/\/demo.filizdigital.com\/index.php\/wp-json\/wp\/v2\/types\/product"}],"replies":[{"embeddable":true,"href":"https:\/\/demo.filizdigital.com\/index.php\/wp-json\/wp\/v2\/comments?post=34611"}],"wp:featuredmedia":[{"embeddable":true,"href":"https:\/\/demo.filizdigital.com\/index.php\/wp-json\/wp\/v2\/media\/34635"}],"wp:attachment":[{"href":"https:\/\/demo.filizdigital.com\/index.php\/wp-json\/wp\/v2\/media?parent=34611"}],"wp:term":[{"taxonomy":"product_brand","embeddable":true,"href":"https:\/\/demo.filizdigital.com\/index.php\/wp-json\/wp\/v2\/product_brand?post=34611"},{"taxonomy":"product_cat","embeddable":true,"href":"https:\/\/demo.filizdigital.com\/index.php\/wp-json\/wp\/v2\/product_cat?post=34611"},{"taxonomy":"product_tag","embeddable":true,"href":"https:\/\/demo.filizdigital.com\/index.php\/wp-json\/wp\/v2\/product_tag?post=34611"}],"curies":[{"name":"wp","href":"https:\/\/api.w.org\/{rel}","templated":true}]}}