{"id":34752,"date":"2025-12-14T09:07:11","date_gmt":"2025-12-14T06:07:11","guid":{"rendered":"https:\/\/demo.filizdigital.com\/?post_type=product&#038;p=34752"},"modified":"2025-12-14T09:07:18","modified_gmt":"2025-12-14T06:07:18","slug":"5km-azami-hiz-forfklift-cikabilir","status":"publish","type":"product","link":"https:\/\/demo.filizdigital.com\/index.php\/urun\/5km-azami-hiz-forfklift-cikabilir\/","title":{"rendered":"5KM Azami H\u0131z Forfklift \u00c7\u0131kabilir"},"content":{"rendered":"<h3>5KM Azami H\u0131z Forfklift \u00c7\u0131kabilir Uyar\u0131 Levhas\u0131. Forklift ile ilgili uyar\u0131 levhalar\u0131na &#8220;<a href=\"https:\/\/uyarilevha.com\/product-category\/is-guvenlik-levhalari\/elektrik-uyari-levhari\/\">bu kategoriden&#8221;<\/a> ula\u015fabilirsin.<\/h3>\n","protected":false},"excerpt":{"rendered":"<p>5KM Azami H\u0131z Forfklift \u00c7\u0131kabilir \u0130kaz Levhas\u0131<\/p>\n","protected":false},"featured_media":34759,"comment_status":"open","ping_status":"closed","template":"","meta":[],"product_brand":[],"product_cat":[107,108],"product_tag":[109,110,111],"class_list":{"0":"post-34752","1":"product","2":"type-product","3":"status-publish","4":"has-post-thumbnail","6":"product_cat-azami-hiz-uyari-levhalari","7":"product_cat-forklift-uyari-levhalari","8":"product_tag-azami","9":"product_tag-forklift","10":"product_tag-hiz","12":"first","13":"instock","14":"shipping-taxable","15":"purchasable","16":"product-type-variable","17":"has-default-attributes"},"_links":{"self":[{"href":"https:\/\/demo.filizdigital.com\/index.php\/wp-json\/wp\/v2\/product\/34752","targetHints":{"allow":["GET"]}}],"collection":[{"href":"https:\/\/demo.filizdigital.com\/index.php\/wp-json\/wp\/v2\/product"}],"about":[{"href":"https:\/\/demo.filizdigital.com\/index.php\/wp-json\/wp\/v2\/types\/product"}],"replies":[{"embeddable":true,"href":"https:\/\/demo.filizdigital.com\/index.php\/wp-json\/wp\/v2\/comments?post=34752"}],"wp:featuredmedia":[{"embeddable":true,"href":"https:\/\/demo.filizdigital.com\/index.php\/wp-json\/wp\/v2\/media\/34759"}],"wp:attachment":[{"href":"https:\/\/demo.filizdigital.com\/index.php\/wp-json\/wp\/v2\/media?parent=34752"}],"wp:term":[{"taxonomy":"product_brand","embeddable":true,"href":"https:\/\/demo.filizdigital.com\/index.php\/wp-json\/wp\/v2\/product_brand?post=34752"},{"taxonomy":"product_cat","embeddable":true,"href":"https:\/\/demo.filizdigital.com\/index.php\/wp-json\/wp\/v2\/product_cat?post=34752"},{"taxonomy":"product_tag","embeddable":true,"href":"https:\/\/demo.filizdigital.com\/index.php\/wp-json\/wp\/v2\/product_tag?post=34752"}],"curies":[{"name":"wp","href":"https:\/\/api.w.org\/{rel}","templated":true}]}}