{"id":34753,"date":"2025-12-14T09:07:11","date_gmt":"2025-12-14T06:07:11","guid":{"rendered":"https:\/\/demo.filizdigital.com\/?post_type=product&#038;p=34753"},"modified":"2025-12-14T09:07:35","modified_gmt":"2025-12-14T06:07:35","slug":"10-km-forklift-hiz-siniri","status":"publish","type":"product","link":"https:\/\/demo.filizdigital.com\/index.php\/urun\/10-km-forklift-hiz-siniri\/","title":{"rendered":"10 KM Forklift H\u0131z S\u0131n\u0131r\u0131"},"content":{"rendered":"<h3>10 KM Forklift H\u0131z S\u0131n\u0131r\u0131 Uyar\u0131 Levhas\u0131, \u00dcreticiden uyar\u0131 levhalar\u0131. H\u0131zl\u0131 ve g\u00fcvenli g\u00f6nderim ile ikaz levhalar\u0131n\u0131 sat\u0131n al. Azami H\u0131z ile ilgili uyar\u0131 levhalar\u0131na &#8220;<a title=\"azami h\u0131z uyar\u0131 levhalar\u0131\" href=\"https:\/\/uyarilevha.com\/product-category\/is-guvenlik-levhalari\/azami-hiz-uyari-levhalari\/\">bu kategoriden&#8221;<\/a> ula\u015fabilirsin. Forklift ile ilgili uyar\u0131 levhalar\u0131na <a title=\"forklift uyar\u0131 levhalar\u0131\" href=\"https:\/\/uyarilevha.com\/product-category\/is-guvenlik-levhalari\/forklift-uyari-levhalari\/\">&#8220;bu kategoriden&#8221;<\/a> ula\u015fabilirsin.<\/h3>\n<p>[block id=&#8221;uyari-levha-aciklamasi&#8221;]<\/p>\n","protected":false},"excerpt":{"rendered":"<p>10 KM Forklift H\u0131z S\u0131n\u0131r\u0131 \u0130kaz Levhas\u0131<\/p>\n","protected":false},"featured_media":34942,"comment_status":"open","ping_status":"closed","template":"","meta":[],"product_brand":[],"product_cat":[107,108],"product_tag":[109,110,111],"class_list":{"0":"post-34753","1":"product","2":"type-product","3":"status-publish","4":"has-post-thumbnail","6":"product_cat-azami-hiz-uyari-levhalari","7":"product_cat-forklift-uyari-levhalari","8":"product_tag-azami","9":"product_tag-forklift","10":"product_tag-hiz","12":"first","13":"instock","14":"shipping-taxable","15":"purchasable","16":"product-type-variable","17":"has-default-attributes"},"_links":{"self":[{"href":"https:\/\/demo.filizdigital.com\/index.php\/wp-json\/wp\/v2\/product\/34753","targetHints":{"allow":["GET"]}}],"collection":[{"href":"https:\/\/demo.filizdigital.com\/index.php\/wp-json\/wp\/v2\/product"}],"about":[{"href":"https:\/\/demo.filizdigital.com\/index.php\/wp-json\/wp\/v2\/types\/product"}],"replies":[{"embeddable":true,"href":"https:\/\/demo.filizdigital.com\/index.php\/wp-json\/wp\/v2\/comments?post=34753"}],"wp:featuredmedia":[{"embeddable":true,"href":"https:\/\/demo.filizdigital.com\/index.php\/wp-json\/wp\/v2\/media\/34942"}],"wp:attachment":[{"href":"https:\/\/demo.filizdigital.com\/index.php\/wp-json\/wp\/v2\/media?parent=34753"}],"wp:term":[{"taxonomy":"product_brand","embeddable":true,"href":"https:\/\/demo.filizdigital.com\/index.php\/wp-json\/wp\/v2\/product_brand?post=34753"},{"taxonomy":"product_cat","embeddable":true,"href":"https:\/\/demo.filizdigital.com\/index.php\/wp-json\/wp\/v2\/product_cat?post=34753"},{"taxonomy":"product_tag","embeddable":true,"href":"https:\/\/demo.filizdigital.com\/index.php\/wp-json\/wp\/v2\/product_tag?post=34753"}],"curies":[{"name":"wp","href":"https:\/\/api.w.org\/{rel}","templated":true}]}}