{"id":34800,"date":"2025-12-14T09:07:16","date_gmt":"2025-12-14T06:07:16","guid":{"rendered":"https:\/\/demo.filizdigital.com\/?post_type=product&#038;p=34800"},"modified":"2025-12-14T09:07:21","modified_gmt":"2025-12-14T06:07:21","slug":"5s-dongusu-panosu","status":"publish","type":"product","link":"https:\/\/demo.filizdigital.com\/index.php\/urun\/5s-dongusu-panosu\/","title":{"rendered":"5S D\u00f6ng\u00fcs\u00fc Panosu"},"content":{"rendered":"<h3>5S D\u00f6ng\u00fcs\u00fc Panosu Uyar\u0131 Levhas\u0131. 5S ile ilgili uyar\u0131 levhalar\u0131na &#8220;<a title=\"5s levhalar\u0131\" href=\"https:\/\/uyarilevha.com\/product-category\/is-guvenlik-levhalari\/5s-levhalari\/\">bu kategoriden&#8221;<\/a> ula\u015fabilirsin.<\/h3>\n","protected":false},"excerpt":{"rendered":"<p>5S D\u00f6ng\u00fcs\u00fc \u0130kaz Levhas\u0131<\/p>\n","protected":false},"featured_media":34821,"comment_status":"open","ping_status":"closed","template":"","meta":[],"product_brand":[],"product_cat":[113],"product_tag":[114],"class_list":{"0":"post-34800","1":"product","2":"type-product","3":"status-publish","4":"has-post-thumbnail","6":"product_cat-5s-levhalari","7":"product_tag-5s","9":"first","10":"instock","11":"shipping-taxable","12":"purchasable","13":"product-type-variable","14":"has-default-attributes"},"_links":{"self":[{"href":"https:\/\/demo.filizdigital.com\/index.php\/wp-json\/wp\/v2\/product\/34800","targetHints":{"allow":["GET"]}}],"collection":[{"href":"https:\/\/demo.filizdigital.com\/index.php\/wp-json\/wp\/v2\/product"}],"about":[{"href":"https:\/\/demo.filizdigital.com\/index.php\/wp-json\/wp\/v2\/types\/product"}],"replies":[{"embeddable":true,"href":"https:\/\/demo.filizdigital.com\/index.php\/wp-json\/wp\/v2\/comments?post=34800"}],"wp:featuredmedia":[{"embeddable":true,"href":"https:\/\/demo.filizdigital.com\/index.php\/wp-json\/wp\/v2\/media\/34821"}],"wp:attachment":[{"href":"https:\/\/demo.filizdigital.com\/index.php\/wp-json\/wp\/v2\/media?parent=34800"}],"wp:term":[{"taxonomy":"product_brand","embeddable":true,"href":"https:\/\/demo.filizdigital.com\/index.php\/wp-json\/wp\/v2\/product_brand?post=34800"},{"taxonomy":"product_cat","embeddable":true,"href":"https:\/\/demo.filizdigital.com\/index.php\/wp-json\/wp\/v2\/product_cat?post=34800"},{"taxonomy":"product_tag","embeddable":true,"href":"https:\/\/demo.filizdigital.com\/index.php\/wp-json\/wp\/v2\/product_tag?post=34800"}],"curies":[{"name":"wp","href":"https:\/\/api.w.org\/{rel}","templated":true}]}}