{"id":35034,"date":"2025-12-14T09:07:37","date_gmt":"2025-12-14T06:07:37","guid":{"rendered":"https:\/\/demo.filizdigital.com\/?post_type=product&#038;p=35034"},"modified":"2025-12-14T09:07:43","modified_gmt":"2025-12-14T06:07:43","slug":"18-yasindan-kucukler-giremez","status":"publish","type":"product","link":"https:\/\/demo.filizdigital.com\/index.php\/urun\/18-yasindan-kucukler-giremez\/","title":{"rendered":"18 Ya\u015f\u0131ndan K\u00fc\u00e7\u00fckler Giremez"},"content":{"rendered":"<h3>18 Ya\u015f\u0131ndan K\u00fc\u00e7\u00fckler Giremez Uyar\u0131 Levhas\u0131. Yasal uyar\u0131lar ile ilgili uyar\u0131 levhalar\u0131na <a title=\"yasal uyar\u0131 levhalar\u0131\" href=\"https:\/\/uyarilevha.com\/product-category\/is-guvenlik-levhalari\/yasal-uyarilar\/\">&#8220;bu kategoriden&#8221;<\/a> ula\u015fabilirsin.<\/h3>\n","protected":false},"excerpt":{"rendered":"<p>18 Ya\u015f\u0131ndan K\u00fc\u00e7\u00fckler Giremez\u00a0\u0130kaz Levhas\u0131<\/p>\n","protected":false},"featured_media":35065,"comment_status":"open","ping_status":"closed","template":"","meta":[],"product_brand":[],"product_cat":[118],"product_tag":[],"class_list":{"0":"post-35034","1":"product","2":"type-product","3":"status-publish","4":"has-post-thumbnail","6":"product_cat-yasal-uyarilar","8":"first","9":"instock","10":"shipping-taxable","11":"purchasable","12":"product-type-variable","13":"has-default-attributes"},"_links":{"self":[{"href":"https:\/\/demo.filizdigital.com\/index.php\/wp-json\/wp\/v2\/product\/35034","targetHints":{"allow":["GET"]}}],"collection":[{"href":"https:\/\/demo.filizdigital.com\/index.php\/wp-json\/wp\/v2\/product"}],"about":[{"href":"https:\/\/demo.filizdigital.com\/index.php\/wp-json\/wp\/v2\/types\/product"}],"replies":[{"embeddable":true,"href":"https:\/\/demo.filizdigital.com\/index.php\/wp-json\/wp\/v2\/comments?post=35034"}],"wp:featuredmedia":[{"embeddable":true,"href":"https:\/\/demo.filizdigital.com\/index.php\/wp-json\/wp\/v2\/media\/35065"}],"wp:attachment":[{"href":"https:\/\/demo.filizdigital.com\/index.php\/wp-json\/wp\/v2\/media?parent=35034"}],"wp:term":[{"taxonomy":"product_brand","embeddable":true,"href":"https:\/\/demo.filizdigital.com\/index.php\/wp-json\/wp\/v2\/product_brand?post=35034"},{"taxonomy":"product_cat","embeddable":true,"href":"https:\/\/demo.filizdigital.com\/index.php\/wp-json\/wp\/v2\/product_cat?post=35034"},{"taxonomy":"product_tag","embeddable":true,"href":"https:\/\/demo.filizdigital.com\/index.php\/wp-json\/wp\/v2\/product_tag?post=35034"}],"curies":[{"name":"wp","href":"https:\/\/api.w.org\/{rel}","templated":true}]}}