{"id":35175,"date":"2025-12-14T09:07:49","date_gmt":"2025-12-14T06:07:49","guid":{"rendered":"https:\/\/demo.filizdigital.com\/?post_type=product&#038;p=35175"},"modified":"2025-12-14T09:08:05","modified_gmt":"2025-12-14T06:08:05","slug":"30-km-azami-hiz","status":"publish","type":"product","link":"https:\/\/demo.filizdigital.com\/index.php\/urun\/30-km-azami-hiz\/","title":{"rendered":"30 KM Azami H\u0131z"},"content":{"rendered":"<h3>30 KM Azami H\u0131z Uyar\u0131 Levhas\u0131. Azami H\u0131z ile ilgili uyar\u0131 levhalar\u0131na &#8220;<a title=\"azami h\u0131z uyar\u0131 levhalar\u0131\" href=\"https:\/\/uyarilevha.com\/product-category\/is-guvenlik-levhalari\/azami-hiz-uyari-levhalari\/ class=\">bu kategoriden&#8221;<\/a> ula\u015fabilirsin.<\/h3>\n","protected":false},"excerpt":{"rendered":"<p>30 KM Azami H\u0131z \u0130kaz Levhas\u0131<\/p>\n","protected":false},"featured_media":35187,"comment_status":"open","ping_status":"closed","template":"","meta":[],"product_brand":[],"product_cat":[107,119],"product_tag":[109,111],"class_list":{"0":"post-35175","1":"product","2":"type-product","3":"status-publish","4":"has-post-thumbnail","6":"product_cat-azami-hiz-uyari-levhalari","7":"product_cat-site-ve-apartman-yonetimi-levhalari","8":"product_tag-azami","9":"product_tag-hiz","11":"first","12":"instock","13":"shipping-taxable","14":"purchasable","15":"product-type-variable","16":"has-default-attributes"},"_links":{"self":[{"href":"https:\/\/demo.filizdigital.com\/index.php\/wp-json\/wp\/v2\/product\/35175","targetHints":{"allow":["GET"]}}],"collection":[{"href":"https:\/\/demo.filizdigital.com\/index.php\/wp-json\/wp\/v2\/product"}],"about":[{"href":"https:\/\/demo.filizdigital.com\/index.php\/wp-json\/wp\/v2\/types\/product"}],"replies":[{"embeddable":true,"href":"https:\/\/demo.filizdigital.com\/index.php\/wp-json\/wp\/v2\/comments?post=35175"}],"wp:featuredmedia":[{"embeddable":true,"href":"https:\/\/demo.filizdigital.com\/index.php\/wp-json\/wp\/v2\/media\/35187"}],"wp:attachment":[{"href":"https:\/\/demo.filizdigital.com\/index.php\/wp-json\/wp\/v2\/media?parent=35175"}],"wp:term":[{"taxonomy":"product_brand","embeddable":true,"href":"https:\/\/demo.filizdigital.com\/index.php\/wp-json\/wp\/v2\/product_brand?post=35175"},{"taxonomy":"product_cat","embeddable":true,"href":"https:\/\/demo.filizdigital.com\/index.php\/wp-json\/wp\/v2\/product_cat?post=35175"},{"taxonomy":"product_tag","embeddable":true,"href":"https:\/\/demo.filizdigital.com\/index.php\/wp-json\/wp\/v2\/product_tag?post=35175"}],"curies":[{"name":"wp","href":"https:\/\/api.w.org\/{rel}","templated":true}]}}