{"id":35222,"date":"2025-12-14T09:07:53","date_gmt":"2025-12-14T06:07:53","guid":{"rendered":"https:\/\/demo.filizdigital.com\/?post_type=product&#038;p=35222"},"modified":"2025-12-14T09:08:06","modified_gmt":"2025-12-14T06:08:06","slug":"315-kv-salt-odasi-isimligi","status":"publish","type":"product","link":"https:\/\/demo.filizdigital.com\/index.php\/urun\/315-kv-salt-odasi-isimligi\/","title":{"rendered":"31,5 kV \u015ealt Odas\u0131 \u0130simli\u011fi"},"content":{"rendered":"<p>31,5 kV \u015ealt Odas\u0131 \u0130simli\u011fi B\u00f6l\u00fcm \/ K\u0131s\u0131m Levhas\u0131.<\/p>\n","protected":false},"excerpt":{"rendered":"<p>31,5 kV \u015ealt Odas\u0131 Kap\u0131 \u0130simli\u011fi<\/p>\n","protected":false},"featured_media":35248,"comment_status":"open","ping_status":"closed","template":"","meta":[],"product_brand":[],"product_cat":[121,120],"product_tag":[],"class_list":{"0":"post-35222","1":"product","2":"type-product","3":"status-publish","4":"has-post-thumbnail","6":"product_cat-elektrik-kapi-isimlikleri","7":"product_cat-kapi-isimlikleri","9":"first","10":"instock","11":"shipping-taxable","12":"purchasable","13":"product-type-variable","14":"has-default-attributes"},"_links":{"self":[{"href":"https:\/\/demo.filizdigital.com\/index.php\/wp-json\/wp\/v2\/product\/35222","targetHints":{"allow":["GET"]}}],"collection":[{"href":"https:\/\/demo.filizdigital.com\/index.php\/wp-json\/wp\/v2\/product"}],"about":[{"href":"https:\/\/demo.filizdigital.com\/index.php\/wp-json\/wp\/v2\/types\/product"}],"replies":[{"embeddable":true,"href":"https:\/\/demo.filizdigital.com\/index.php\/wp-json\/wp\/v2\/comments?post=35222"}],"wp:featuredmedia":[{"embeddable":true,"href":"https:\/\/demo.filizdigital.com\/index.php\/wp-json\/wp\/v2\/media\/35248"}],"wp:attachment":[{"href":"https:\/\/demo.filizdigital.com\/index.php\/wp-json\/wp\/v2\/media?parent=35222"}],"wp:term":[{"taxonomy":"product_brand","embeddable":true,"href":"https:\/\/demo.filizdigital.com\/index.php\/wp-json\/wp\/v2\/product_brand?post=35222"},{"taxonomy":"product_cat","embeddable":true,"href":"https:\/\/demo.filizdigital.com\/index.php\/wp-json\/wp\/v2\/product_cat?post=35222"},{"taxonomy":"product_tag","embeddable":true,"href":"https:\/\/demo.filizdigital.com\/index.php\/wp-json\/wp\/v2\/product_tag?post=35222"}],"curies":[{"name":"wp","href":"https:\/\/api.w.org\/{rel}","templated":true}]}}