{"id":35300,"date":"2025-12-14T09:08:08","date_gmt":"2025-12-14T06:08:08","guid":{"rendered":"https:\/\/demo.filizdigital.com\/?post_type=product&#038;p=35300"},"modified":"2025-12-14T09:08:14","modified_gmt":"2025-12-14T06:08:14","slug":"100x120-palet","status":"publish","type":"product","link":"https:\/\/demo.filizdigital.com\/index.php\/urun\/100x120-palet\/","title":{"rendered":"100&#215;120 Palet"},"content":{"rendered":"<h3>100&#215;120 Palet Uyar\u0131 Levhas\u0131. Belirlenmi\u015f alanlar ile ilgili uyar\u0131 levhalar\u0131na <a class=\"kategori\" title=\"belirlenmi\u015f alanlar\" href=\"https:\/\/uyarilevha.com\/product-category\/is-guvenlik-levhalari\/belirlenmis-alanlar\/\">&#8220;bu kategoriden&#8221;<\/a>\u00a0ula\u015fabilirsin.<\/h3>\n","protected":false},"excerpt":{"rendered":"<p>100&#215;120 Palet \u0130kaz Levhas\u0131<\/p>\n","protected":false},"featured_media":35324,"comment_status":"open","ping_status":"closed","template":"","meta":[],"product_brand":[],"product_cat":[122],"product_tag":[123],"class_list":{"0":"post-35300","1":"product","2":"type-product","3":"status-publish","4":"has-post-thumbnail","6":"product_cat-belirlenmis-alanlar","7":"product_tag-palet","9":"first","10":"instock","11":"shipping-taxable","12":"purchasable","13":"product-type-variable","14":"has-default-attributes"},"_links":{"self":[{"href":"https:\/\/demo.filizdigital.com\/index.php\/wp-json\/wp\/v2\/product\/35300","targetHints":{"allow":["GET"]}}],"collection":[{"href":"https:\/\/demo.filizdigital.com\/index.php\/wp-json\/wp\/v2\/product"}],"about":[{"href":"https:\/\/demo.filizdigital.com\/index.php\/wp-json\/wp\/v2\/types\/product"}],"replies":[{"embeddable":true,"href":"https:\/\/demo.filizdigital.com\/index.php\/wp-json\/wp\/v2\/comments?post=35300"}],"wp:featuredmedia":[{"embeddable":true,"href":"https:\/\/demo.filizdigital.com\/index.php\/wp-json\/wp\/v2\/media\/35324"}],"wp:attachment":[{"href":"https:\/\/demo.filizdigital.com\/index.php\/wp-json\/wp\/v2\/media?parent=35300"}],"wp:term":[{"taxonomy":"product_brand","embeddable":true,"href":"https:\/\/demo.filizdigital.com\/index.php\/wp-json\/wp\/v2\/product_brand?post=35300"},{"taxonomy":"product_cat","embeddable":true,"href":"https:\/\/demo.filizdigital.com\/index.php\/wp-json\/wp\/v2\/product_cat?post=35300"},{"taxonomy":"product_tag","embeddable":true,"href":"https:\/\/demo.filizdigital.com\/index.php\/wp-json\/wp\/v2\/product_tag?post=35300"}],"curies":[{"name":"wp","href":"https:\/\/api.w.org\/{rel}","templated":true}]}}