{"id":35441,"date":"2025-12-14T09:08:20","date_gmt":"2025-12-14T06:08:20","guid":{"rendered":"https:\/\/demo.filizdigital.com\/?post_type=product&#038;p=35441"},"modified":"2025-12-14T09:08:27","modified_gmt":"2025-12-14T06:08:27","slug":"230-volt","status":"publish","type":"product","link":"https:\/\/demo.filizdigital.com\/index.php\/urun\/230-volt\/","title":{"rendered":"230 Volt"},"content":{"rendered":"<h3>230 Volt Uyar\u0131 Levhas\u0131. Elektrik uyar\u0131 ile ilgili t\u00fcm levhalara &#8220;<a class=\"kategori\" href=\"https:\/\/uyarilevha.com\/product-category\/is-guvenlik-levhalari\/elektrik-uyari-levhari\/\">bu kategoriden&#8221;<\/a> ula\u015fabilirsin.<\/h3>\n","protected":false},"excerpt":{"rendered":"<p>230 Volt\u00a0\u0130kaz Levhas\u0131<\/p>\n","protected":false},"featured_media":35447,"comment_status":"open","ping_status":"closed","template":"","meta":[],"product_brand":[],"product_cat":[103],"product_tag":[104,105],"class_list":{"0":"post-35441","1":"product","2":"type-product","3":"status-publish","4":"has-post-thumbnail","6":"product_cat-elektrik-uyari-levhari","7":"product_tag-elektrik","8":"product_tag-volt","10":"first","11":"instock","12":"shipping-taxable","13":"purchasable","14":"product-type-variable","15":"has-default-attributes"},"_links":{"self":[{"href":"https:\/\/demo.filizdigital.com\/index.php\/wp-json\/wp\/v2\/product\/35441","targetHints":{"allow":["GET"]}}],"collection":[{"href":"https:\/\/demo.filizdigital.com\/index.php\/wp-json\/wp\/v2\/product"}],"about":[{"href":"https:\/\/demo.filizdigital.com\/index.php\/wp-json\/wp\/v2\/types\/product"}],"replies":[{"embeddable":true,"href":"https:\/\/demo.filizdigital.com\/index.php\/wp-json\/wp\/v2\/comments?post=35441"}],"wp:featuredmedia":[{"embeddable":true,"href":"https:\/\/demo.filizdigital.com\/index.php\/wp-json\/wp\/v2\/media\/35447"}],"wp:attachment":[{"href":"https:\/\/demo.filizdigital.com\/index.php\/wp-json\/wp\/v2\/media?parent=35441"}],"wp:term":[{"taxonomy":"product_brand","embeddable":true,"href":"https:\/\/demo.filizdigital.com\/index.php\/wp-json\/wp\/v2\/product_brand?post=35441"},{"taxonomy":"product_cat","embeddable":true,"href":"https:\/\/demo.filizdigital.com\/index.php\/wp-json\/wp\/v2\/product_cat?post=35441"},{"taxonomy":"product_tag","embeddable":true,"href":"https:\/\/demo.filizdigital.com\/index.php\/wp-json\/wp\/v2\/product_tag?post=35441"}],"curies":[{"name":"wp","href":"https:\/\/api.w.org\/{rel}","templated":true}]}}