{"id":35911,"date":"2025-12-14T09:09:02","date_gmt":"2025-12-14T06:09:02","guid":{"rendered":"https:\/\/demo.filizdigital.com\/?post_type=product&#038;p=35911"},"modified":"2025-12-14T09:09:08","modified_gmt":"2025-12-14T06:09:08","slug":"4207-sayili-kanuna-gore-bu-alanda-sigara-icmek-yasaktir","status":"publish","type":"product","link":"https:\/\/demo.filizdigital.com\/index.php\/urun\/4207-sayili-kanuna-gore-bu-alanda-sigara-icmek-yasaktir\/","title":{"rendered":"4207 Say\u0131l\u0131 Kanuna G\u00f6re Bu Alanda Sigara \u0130\u00e7mek Yasakt\u0131r"},"content":{"rendered":"<h3>4207 Say\u0131l\u0131 Kanuna G\u00f6re Bu Alanda Sigara \u0130\u00e7mek Yasakt\u0131r Uyar\u0131 Levhas\u0131. Yasal uyar\u0131lar ile ilgili uyar\u0131 levhalar\u0131na\u00a0<a title=\"yasal uyar\u0131 levhalar\u0131\" href=\"https:\/\/uyarilevha.com\/product-category\/is-guvenlik-levhalari\/yasal-uyarilar\/\">\u201cbu kategoriden\u201d<\/a>\u00a0ula\u015fabilirsin.<\/h3>\n","protected":false},"excerpt":{"rendered":"<p>4207 Say\u0131l\u0131 Kanuna G\u00f6re Bu Alanda Sigara \u0130\u00e7mek Yasakt\u0131r\u00a0\u0130kaz Levhas\u0131<\/p>\n","protected":false},"featured_media":35937,"comment_status":"open","ping_status":"closed","template":"","meta":[],"product_brand":[],"product_cat":[119,118],"product_tag":[143],"class_list":{"0":"post-35911","1":"product","2":"type-product","3":"status-publish","4":"has-post-thumbnail","6":"product_cat-site-ve-apartman-yonetimi-levhalari","7":"product_cat-yasal-uyarilar","8":"product_tag-sigara","10":"first","11":"instock","12":"shipping-taxable","13":"purchasable","14":"product-type-variable","15":"has-default-attributes"},"_links":{"self":[{"href":"https:\/\/demo.filizdigital.com\/index.php\/wp-json\/wp\/v2\/product\/35911","targetHints":{"allow":["GET"]}}],"collection":[{"href":"https:\/\/demo.filizdigital.com\/index.php\/wp-json\/wp\/v2\/product"}],"about":[{"href":"https:\/\/demo.filizdigital.com\/index.php\/wp-json\/wp\/v2\/types\/product"}],"replies":[{"embeddable":true,"href":"https:\/\/demo.filizdigital.com\/index.php\/wp-json\/wp\/v2\/comments?post=35911"}],"wp:featuredmedia":[{"embeddable":true,"href":"https:\/\/demo.filizdigital.com\/index.php\/wp-json\/wp\/v2\/media\/35937"}],"wp:attachment":[{"href":"https:\/\/demo.filizdigital.com\/index.php\/wp-json\/wp\/v2\/media?parent=35911"}],"wp:term":[{"taxonomy":"product_brand","embeddable":true,"href":"https:\/\/demo.filizdigital.com\/index.php\/wp-json\/wp\/v2\/product_brand?post=35911"},{"taxonomy":"product_cat","embeddable":true,"href":"https:\/\/demo.filizdigital.com\/index.php\/wp-json\/wp\/v2\/product_cat?post=35911"},{"taxonomy":"product_tag","embeddable":true,"href":"https:\/\/demo.filizdigital.com\/index.php\/wp-json\/wp\/v2\/product_tag?post=35911"}],"curies":[{"name":"wp","href":"https:\/\/api.w.org\/{rel}","templated":true}]}}