{"id":36287,"date":"2025-12-14T09:09:36","date_gmt":"2025-12-14T06:09:36","guid":{"rendered":"https:\/\/demo.filizdigital.com\/?post_type=product&#038;p=36287"},"modified":"2025-12-14T09:09:41","modified_gmt":"2025-12-14T06:09:41","slug":"absorban-bez-yag-kimyasal-boya-dokulmesi-durumunda-kullanilir","status":"publish","type":"product","link":"https:\/\/demo.filizdigital.com\/index.php\/urun\/absorban-bez-yag-kimyasal-boya-dokulmesi-durumunda-kullanilir\/","title":{"rendered":"Absorban Bez Ya\u011f, Kimyasal Boya D\u00f6k\u00fclmesi Durumunda Kullan\u0131l\u0131r"},"content":{"rendered":"<h3>Absorban Bez Ya\u011f, Kimyasal Boya D\u00f6k\u00fclmesi Durumunda Kullan\u0131l\u0131r Uyar\u0131 Levhas\u0131. Temizlik ara\u00e7lar\u0131 ile ilgili t\u00fcm uyar\u0131 levhalar\u0131na <a class=\"kategori\" title=\"temizlik ara\u00e7lar\u0131 ikaz levhalar\u0131\" href=\"https:\/\/uyarilevha.com\/product-category\/is-guvenlik-levhalari\/temizlik-araclari\/\">&#8220;bu kategoriden&#8221;<\/a> ula\u015fabilirsin.<\/h3>\n","protected":false},"excerpt":{"rendered":"<p>Absorban Bez Ya\u011f, Kimyasal Boya D\u00f6k\u00fclmesi Durumunda Kullan\u0131l\u0131r \u0130kaz Levhas\u0131<\/p>\n","protected":false},"featured_media":36307,"comment_status":"open","ping_status":"closed","template":"","meta":[],"product_brand":[],"product_cat":[144],"product_tag":[145,146,147,148,149,150],"class_list":{"0":"post-36287","1":"product","2":"type-product","3":"status-publish","4":"has-post-thumbnail","6":"product_cat-temizlik-araclari","7":"product_tag-absorban","8":"product_tag-atik","9":"product_tag-bez","10":"product_tag-boya","11":"product_tag-kimyasal","12":"product_tag-yag","14":"first","15":"instock","16":"shipping-taxable","17":"purchasable","18":"product-type-variable","19":"has-default-attributes"},"_links":{"self":[{"href":"https:\/\/demo.filizdigital.com\/index.php\/wp-json\/wp\/v2\/product\/36287","targetHints":{"allow":["GET"]}}],"collection":[{"href":"https:\/\/demo.filizdigital.com\/index.php\/wp-json\/wp\/v2\/product"}],"about":[{"href":"https:\/\/demo.filizdigital.com\/index.php\/wp-json\/wp\/v2\/types\/product"}],"replies":[{"embeddable":true,"href":"https:\/\/demo.filizdigital.com\/index.php\/wp-json\/wp\/v2\/comments?post=36287"}],"wp:featuredmedia":[{"embeddable":true,"href":"https:\/\/demo.filizdigital.com\/index.php\/wp-json\/wp\/v2\/media\/36307"}],"wp:attachment":[{"href":"https:\/\/demo.filizdigital.com\/index.php\/wp-json\/wp\/v2\/media?parent=36287"}],"wp:term":[{"taxonomy":"product_brand","embeddable":true,"href":"https:\/\/demo.filizdigital.com\/index.php\/wp-json\/wp\/v2\/product_brand?post=36287"},{"taxonomy":"product_cat","embeddable":true,"href":"https:\/\/demo.filizdigital.com\/index.php\/wp-json\/wp\/v2\/product_cat?post=36287"},{"taxonomy":"product_tag","embeddable":true,"href":"https:\/\/demo.filizdigital.com\/index.php\/wp-json\/wp\/v2\/product_tag?post=36287"}],"curies":[{"name":"wp","href":"https:\/\/api.w.org\/{rel}","templated":true}]}}