{"id":36428,"date":"2025-12-14T09:09:49","date_gmt":"2025-12-14T06:09:49","guid":{"rendered":"https:\/\/demo.filizdigital.com\/?post_type=product&#038;p=36428"},"modified":"2025-12-14T09:09:52","modified_gmt":"2025-12-14T06:09:52","slug":"acil-cikis-exit-sol","status":"publish","type":"product","link":"https:\/\/demo.filizdigital.com\/index.php\/urun\/acil-cikis-exit-sol\/","title":{"rendered":"Acil \u00c7\u0131k\u0131\u015f Exit Sol"},"content":{"rendered":"<p>Acil \u00c7\u0131k\u0131\u015f Exit Sol Y\u00f6n Ka\u00e7\u0131\u015f Y\u00f6nlendirme Levhas\u0131.<\/p>\n","protected":false},"excerpt":{"rendered":"<p>Acil \u00c7\u0131k\u0131\u015f Exit Sol Y\u00f6nlendirme \u0130kaz Levhas\u0131<\/p>\n","protected":false},"featured_media":36458,"comment_status":"open","ping_status":"closed","template":"","meta":[],"product_brand":[],"product_cat":[154],"product_tag":[155,156,157,158],"class_list":{"0":"post-36428","1":"product","2":"type-product","3":"status-publish","4":"has-post-thumbnail","6":"product_cat-acil-cikis-yonlendirmeleri","7":"product_tag-acil","8":"product_tag-cikis","9":"product_tag-exit","10":"product_tag-sol","12":"first","13":"instock","14":"shipping-taxable","15":"purchasable","16":"product-type-variable","17":"has-default-attributes"},"_links":{"self":[{"href":"https:\/\/demo.filizdigital.com\/index.php\/wp-json\/wp\/v2\/product\/36428","targetHints":{"allow":["GET"]}}],"collection":[{"href":"https:\/\/demo.filizdigital.com\/index.php\/wp-json\/wp\/v2\/product"}],"about":[{"href":"https:\/\/demo.filizdigital.com\/index.php\/wp-json\/wp\/v2\/types\/product"}],"replies":[{"embeddable":true,"href":"https:\/\/demo.filizdigital.com\/index.php\/wp-json\/wp\/v2\/comments?post=36428"}],"wp:featuredmedia":[{"embeddable":true,"href":"https:\/\/demo.filizdigital.com\/index.php\/wp-json\/wp\/v2\/media\/36458"}],"wp:attachment":[{"href":"https:\/\/demo.filizdigital.com\/index.php\/wp-json\/wp\/v2\/media?parent=36428"}],"wp:term":[{"taxonomy":"product_brand","embeddable":true,"href":"https:\/\/demo.filizdigital.com\/index.php\/wp-json\/wp\/v2\/product_brand?post=36428"},{"taxonomy":"product_cat","embeddable":true,"href":"https:\/\/demo.filizdigital.com\/index.php\/wp-json\/wp\/v2\/product_cat?post=36428"},{"taxonomy":"product_tag","embeddable":true,"href":"https:\/\/demo.filizdigital.com\/index.php\/wp-json\/wp\/v2\/product_tag?post=36428"}],"curies":[{"name":"wp","href":"https:\/\/api.w.org\/{rel}","templated":true}]}}