{"id":36634,"date":"2025-12-14T09:10:07","date_gmt":"2025-12-14T06:10:07","guid":{"rendered":"https:\/\/demo.filizdigital.com\/?post_type=product&#038;p=36634"},"modified":"2025-12-14T09:10:15","modified_gmt":"2025-12-14T06:10:15","slug":"acik","status":"publish","type":"product","link":"https:\/\/demo.filizdigital.com\/index.php\/urun\/acik\/","title":{"rendered":"A\u00e7\u0131k"},"content":{"rendered":"<h3>A\u00e7\u0131k Uyar\u0131 Levhas\u0131. Durum bilgisi ile ilgili t\u00fcm levhalara <a class=\"kategori\" title=\"durum bilgisi isg levhalar\u0131\" href=\"https:\/\/uyarilevha.com\/product-category\/is-guvenlik-levhalari\/durum-bilgisi-levhalari\/\">&#8220;bu kategoriden&#8221;<\/a> ula\u015fabilirsin.<\/h3>\n","protected":false},"excerpt":{"rendered":"<p>A\u00e7\u0131k \u0130kaz Levhas\u0131<\/p>\n","protected":false},"featured_media":36644,"comment_status":"open","ping_status":"closed","template":"","meta":[],"product_brand":[],"product_cat":[167],"product_tag":[168],"class_list":{"0":"post-36634","1":"product","2":"type-product","3":"status-publish","4":"has-post-thumbnail","6":"product_cat-durum-bilgisi-levhalari","7":"product_tag-acik","9":"first","10":"instock","11":"shipping-taxable","12":"purchasable","13":"product-type-variable","14":"has-default-attributes"},"_links":{"self":[{"href":"https:\/\/demo.filizdigital.com\/index.php\/wp-json\/wp\/v2\/product\/36634","targetHints":{"allow":["GET"]}}],"collection":[{"href":"https:\/\/demo.filizdigital.com\/index.php\/wp-json\/wp\/v2\/product"}],"about":[{"href":"https:\/\/demo.filizdigital.com\/index.php\/wp-json\/wp\/v2\/types\/product"}],"replies":[{"embeddable":true,"href":"https:\/\/demo.filizdigital.com\/index.php\/wp-json\/wp\/v2\/comments?post=36634"}],"wp:featuredmedia":[{"embeddable":true,"href":"https:\/\/demo.filizdigital.com\/index.php\/wp-json\/wp\/v2\/media\/36644"}],"wp:attachment":[{"href":"https:\/\/demo.filizdigital.com\/index.php\/wp-json\/wp\/v2\/media?parent=36634"}],"wp:term":[{"taxonomy":"product_brand","embeddable":true,"href":"https:\/\/demo.filizdigital.com\/index.php\/wp-json\/wp\/v2\/product_brand?post=36634"},{"taxonomy":"product_cat","embeddable":true,"href":"https:\/\/demo.filizdigital.com\/index.php\/wp-json\/wp\/v2\/product_cat?post=36634"},{"taxonomy":"product_tag","embeddable":true,"href":"https:\/\/demo.filizdigital.com\/index.php\/wp-json\/wp\/v2\/product_tag?post=36634"}],"curies":[{"name":"wp","href":"https:\/\/api.w.org\/{rel}","templated":true}]}}