{"id":36683,"date":"2025-12-14T09:10:12","date_gmt":"2025-12-14T06:10:12","guid":{"rendered":"https:\/\/demo.filizdigital.com\/?post_type=product&#038;p=36683"},"modified":"2025-12-14T09:10:26","modified_gmt":"2025-12-14T06:10:26","slug":"acik-alev-ve-sigara-ile-yaklasmak-yasaktir","status":"publish","type":"product","link":"https:\/\/demo.filizdigital.com\/index.php\/urun\/acik-alev-ve-sigara-ile-yaklasmak-yasaktir\/","title":{"rendered":"A\u00e7\u0131k Alev ve Sigara \u0130le Yakla\u015fmak Yasakt\u0131r"},"content":{"rendered":"<h3>A\u00e7\u0131k Alev ve Sigara \u0130le Yakla\u015fmak Yasakt\u0131r Uyar\u0131 Levhas\u0131. A\u00e7\u0131k alev ve ate\u015f ile ilgili t\u00fcm uyar\u0131 levhalara <a class=\"kategori\" title=\"a\u00e7\u0131k alev ve ate\u015f uyar\u0131 levhalar\u0131\" href=\"https:\/\/uyarilevha.com\/product-category\/is-guvenlik-levhalari\/acik-alev-ve-ates-uyari-levhalari\/\">&#8220;bu kategoriden&#8221;<\/a> ula\u015fabilirsin.<\/h3>\n","protected":false},"excerpt":{"rendered":"<p>A\u00e7\u0131k Alev ve Sigara \u0130le Yakla\u015fmak Yasakt\u0131r \u0130kaz Levhas\u0131<\/p>\n","protected":false},"featured_media":36797,"comment_status":"open","ping_status":"closed","template":"","meta":[],"product_brand":[],"product_cat":[169,172],"product_tag":[170,171,143],"class_list":{"0":"post-36683","1":"product","2":"type-product","3":"status-publish","4":"has-post-thumbnail","6":"product_cat-acik-alev-ve-ates-uyari-levhalari","7":"product_cat-sigara-uyari-levhalari","8":"product_tag-alev","9":"product_tag-ates","10":"product_tag-sigara","12":"first","13":"instock","14":"shipping-taxable","15":"purchasable","16":"product-type-variable","17":"has-default-attributes"},"_links":{"self":[{"href":"https:\/\/demo.filizdigital.com\/index.php\/wp-json\/wp\/v2\/product\/36683","targetHints":{"allow":["GET"]}}],"collection":[{"href":"https:\/\/demo.filizdigital.com\/index.php\/wp-json\/wp\/v2\/product"}],"about":[{"href":"https:\/\/demo.filizdigital.com\/index.php\/wp-json\/wp\/v2\/types\/product"}],"replies":[{"embeddable":true,"href":"https:\/\/demo.filizdigital.com\/index.php\/wp-json\/wp\/v2\/comments?post=36683"}],"wp:featuredmedia":[{"embeddable":true,"href":"https:\/\/demo.filizdigital.com\/index.php\/wp-json\/wp\/v2\/media\/36797"}],"wp:attachment":[{"href":"https:\/\/demo.filizdigital.com\/index.php\/wp-json\/wp\/v2\/media?parent=36683"}],"wp:term":[{"taxonomy":"product_brand","embeddable":true,"href":"https:\/\/demo.filizdigital.com\/index.php\/wp-json\/wp\/v2\/product_brand?post=36683"},{"taxonomy":"product_cat","embeddable":true,"href":"https:\/\/demo.filizdigital.com\/index.php\/wp-json\/wp\/v2\/product_cat?post=36683"},{"taxonomy":"product_tag","embeddable":true,"href":"https:\/\/demo.filizdigital.com\/index.php\/wp-json\/wp\/v2\/product_tag?post=36683"}],"curies":[{"name":"wp","href":"https:\/\/api.w.org\/{rel}","templated":true}]}}