{"id":36822,"date":"2025-12-14T09:10:24","date_gmt":"2025-12-14T06:10:24","guid":{"rendered":"https:\/\/demo.filizdigital.com\/?post_type=product&#038;p=36822"},"modified":"2025-12-14T09:10:31","modified_gmt":"2025-12-14T06:10:31","slug":"acik-otopark-alaninda-olusabilecek-herhangi-bir-durumdan-site-yonetimi-sorumlu-degildir","status":"publish","type":"product","link":"https:\/\/demo.filizdigital.com\/index.php\/urun\/acik-otopark-alaninda-olusabilecek-herhangi-bir-durumdan-site-yonetimi-sorumlu-degildir\/","title":{"rendered":"A\u00e7\u0131k Otopark Alan\u0131nda Olu\u015fabilecek Herhangi Bir Durumdan Site Y\u00f6netimi Sorumlu De\u011fildir"},"content":{"rendered":"<h3>A\u00e7\u0131k Otopark Alan\u0131nda Olu\u015fabilecek Herhangi Bir Durumdan Site Y\u00f6netimi Sorumlu De\u011fildir Uyar\u0131 Levhas\u0131. Site y\u00f6netimi ile ilgili t\u00fcm uyar\u0131 levhalara <a class=\"kategori\" title=\"site y\u00f6netimi uyar\u0131 levhalar\u0131\" href=\"https:\/\/uyarilevha.com\/product-category\/is-guvenlik-levhalari\/site-yonetimi-levhalari\/\">&#8220;bu kategoriden&#8221;<\/a> ula\u015fabilirsin.<\/h3>\n","protected":false},"excerpt":{"rendered":"<p>A\u00e7\u0131k Otopark Alan\u0131nda Olu\u015fabilecek Herhangi Bir Durumdan Site Y\u00f6netimi Sorumlu De\u011fildir \u0130kaz Levhas\u0131<\/p>\n","protected":false},"featured_media":36828,"comment_status":"open","ping_status":"closed","template":"","meta":[],"product_brand":[],"product_cat":[173,119],"product_tag":[174,175,176],"class_list":{"0":"post-36822","1":"product","2":"type-product","3":"status-publish","4":"has-post-thumbnail","6":"product_cat-otopark-uyari-levhalari","7":"product_cat-site-ve-apartman-yonetimi-levhalari","8":"product_tag-arac","9":"product_tag-otopark","10":"product_tag-site","12":"first","13":"instock","14":"shipping-taxable","15":"purchasable","16":"product-type-variable","17":"has-default-attributes"},"_links":{"self":[{"href":"https:\/\/demo.filizdigital.com\/index.php\/wp-json\/wp\/v2\/product\/36822","targetHints":{"allow":["GET"]}}],"collection":[{"href":"https:\/\/demo.filizdigital.com\/index.php\/wp-json\/wp\/v2\/product"}],"about":[{"href":"https:\/\/demo.filizdigital.com\/index.php\/wp-json\/wp\/v2\/types\/product"}],"replies":[{"embeddable":true,"href":"https:\/\/demo.filizdigital.com\/index.php\/wp-json\/wp\/v2\/comments?post=36822"}],"wp:featuredmedia":[{"embeddable":true,"href":"https:\/\/demo.filizdigital.com\/index.php\/wp-json\/wp\/v2\/media\/36828"}],"wp:attachment":[{"href":"https:\/\/demo.filizdigital.com\/index.php\/wp-json\/wp\/v2\/media?parent=36822"}],"wp:term":[{"taxonomy":"product_brand","embeddable":true,"href":"https:\/\/demo.filizdigital.com\/index.php\/wp-json\/wp\/v2\/product_brand?post=36822"},{"taxonomy":"product_cat","embeddable":true,"href":"https:\/\/demo.filizdigital.com\/index.php\/wp-json\/wp\/v2\/product_cat?post=36822"},{"taxonomy":"product_tag","embeddable":true,"href":"https:\/\/demo.filizdigital.com\/index.php\/wp-json\/wp\/v2\/product_tag?post=36822"}],"curies":[{"name":"wp","href":"https:\/\/api.w.org\/{rel}","templated":true}]}}