{"id":37577,"date":"2025-12-14T09:11:38","date_gmt":"2025-12-14T06:11:38","guid":{"rendered":"https:\/\/demo.filizdigital.com\/?post_type=product&#038;p=37577"},"modified":"2025-12-14T09:11:50","modified_gmt":"2025-12-14T06:11:50","slug":"acil-cikis-merdiveni-sol","status":"publish","type":"product","link":"https:\/\/demo.filizdigital.com\/index.php\/urun\/acil-cikis-merdiveni-sol\/","title":{"rendered":"Acil \u00c7\u0131k\u0131\u015f Merdiveni Sol"},"content":{"rendered":"<h3>Acil \u00c7\u0131k\u0131\u015f Merdiveni Sol Uyar\u0131 Levhas\u0131. Acil \u00e7\u0131k\u0131\u015f ile ilgili t\u00fcm uyar\u0131 levhalar\u0131na <a class=\"kategori\" title=\"acil \u00e7\u0131k\u0131\u015f levhalar\u0131\" href=\"https:\/\/uyarilevha.com\/product-category\/is-guvenlik-levhalari\/acil-cikis-levhalari\/\">&#8220;bu kategoriden&#8221;<\/a> ula\u015fabilirsin.<\/h3>\n","protected":false},"excerpt":{"rendered":"<p>Acil \u00c7\u0131k\u0131\u015f Merdiveni Sol \u0130kaz Levhas\u0131<\/p>\n","protected":false},"featured_media":37627,"comment_status":"open","ping_status":"closed","template":"","meta":[],"product_brand":[],"product_cat":[159],"product_tag":[155,156,190,158],"class_list":{"0":"post-37577","1":"product","2":"type-product","3":"status-publish","4":"has-post-thumbnail","6":"product_cat-acil-cikis-levhalari","7":"product_tag-acil","8":"product_tag-cikis","9":"product_tag-merdiven","10":"product_tag-sol","12":"first","13":"instock","14":"shipping-taxable","15":"purchasable","16":"product-type-variable","17":"has-default-attributes"},"_links":{"self":[{"href":"https:\/\/demo.filizdigital.com\/index.php\/wp-json\/wp\/v2\/product\/37577","targetHints":{"allow":["GET"]}}],"collection":[{"href":"https:\/\/demo.filizdigital.com\/index.php\/wp-json\/wp\/v2\/product"}],"about":[{"href":"https:\/\/demo.filizdigital.com\/index.php\/wp-json\/wp\/v2\/types\/product"}],"replies":[{"embeddable":true,"href":"https:\/\/demo.filizdigital.com\/index.php\/wp-json\/wp\/v2\/comments?post=37577"}],"wp:featuredmedia":[{"embeddable":true,"href":"https:\/\/demo.filizdigital.com\/index.php\/wp-json\/wp\/v2\/media\/37627"}],"wp:attachment":[{"href":"https:\/\/demo.filizdigital.com\/index.php\/wp-json\/wp\/v2\/media?parent=37577"}],"wp:term":[{"taxonomy":"product_brand","embeddable":true,"href":"https:\/\/demo.filizdigital.com\/index.php\/wp-json\/wp\/v2\/product_brand?post=37577"},{"taxonomy":"product_cat","embeddable":true,"href":"https:\/\/demo.filizdigital.com\/index.php\/wp-json\/wp\/v2\/product_cat?post=37577"},{"taxonomy":"product_tag","embeddable":true,"href":"https:\/\/demo.filizdigital.com\/index.php\/wp-json\/wp\/v2\/product_tag?post=37577"}],"curies":[{"name":"wp","href":"https:\/\/api.w.org\/{rel}","templated":true}]}}