{"id":38218,"date":"2025-12-14T09:12:46","date_gmt":"2025-12-14T06:12:46","guid":{"rendered":"https:\/\/demo.filizdigital.com\/?post_type=product&#038;p=38218"},"modified":"2025-12-14T09:12:52","modified_gmt":"2025-12-14T06:12:52","slug":"acil-durum-cikis-kapisi-motosiklet-park-etmeyin","status":"publish","type":"product","link":"https:\/\/demo.filizdigital.com\/index.php\/urun\/acil-durum-cikis-kapisi-motosiklet-park-etmeyin\/","title":{"rendered":"Acil Durum \u00c7\u0131k\u0131\u015f Kap\u0131s\u0131 Motosiklet Park Etmeyin"},"content":{"rendered":"<h3>Acil Durum \u00c7\u0131k\u0131\u015f Kap\u0131s\u0131 Motosiklet Park Etmeyin Uyar\u0131 Levhas\u0131. Acil m\u00fcdahale ile ilgili t\u00fcm uyar\u0131 levhalar\u0131na <a class=\"kategori\" title=\"acil m\u00fcdahale ikaz levhalar\u0131\" href=\"https:\/\/uyarilevha.com\/product-category\/is-guvenlik-levhalari\/acil-mudahale-levhalari\/\">&#8220;bu kategoriden&#8221;<\/a> ula\u015fabilirsin.<\/h3>\n","protected":false},"excerpt":{"rendered":"<p>Acil Durum \u00c7\u0131k\u0131\u015f Kap\u0131s\u0131 Motosiklet Park Etmeyin \u0130kaz Levhas\u0131<\/p>\n","protected":false},"featured_media":38238,"comment_status":"open","ping_status":"closed","template":"","meta":[],"product_brand":[],"product_cat":[159,173,119],"product_tag":[155,163,198,199],"class_list":{"0":"post-38218","1":"product","2":"type-product","3":"status-publish","4":"has-post-thumbnail","6":"product_cat-acil-cikis-levhalari","7":"product_cat-otopark-uyari-levhalari","8":"product_cat-site-ve-apartman-yonetimi-levhalari","9":"product_tag-acil","10":"product_tag-kapi","11":"product_tag-motosiklet","12":"product_tag-park","14":"first","15":"instock","16":"shipping-taxable","17":"purchasable","18":"product-type-variable","19":"has-default-attributes"},"_links":{"self":[{"href":"https:\/\/demo.filizdigital.com\/index.php\/wp-json\/wp\/v2\/product\/38218","targetHints":{"allow":["GET"]}}],"collection":[{"href":"https:\/\/demo.filizdigital.com\/index.php\/wp-json\/wp\/v2\/product"}],"about":[{"href":"https:\/\/demo.filizdigital.com\/index.php\/wp-json\/wp\/v2\/types\/product"}],"replies":[{"embeddable":true,"href":"https:\/\/demo.filizdigital.com\/index.php\/wp-json\/wp\/v2\/comments?post=38218"}],"wp:featuredmedia":[{"embeddable":true,"href":"https:\/\/demo.filizdigital.com\/index.php\/wp-json\/wp\/v2\/media\/38238"}],"wp:attachment":[{"href":"https:\/\/demo.filizdigital.com\/index.php\/wp-json\/wp\/v2\/media?parent=38218"}],"wp:term":[{"taxonomy":"product_brand","embeddable":true,"href":"https:\/\/demo.filizdigital.com\/index.php\/wp-json\/wp\/v2\/product_brand?post=38218"},{"taxonomy":"product_cat","embeddable":true,"href":"https:\/\/demo.filizdigital.com\/index.php\/wp-json\/wp\/v2\/product_cat?post=38218"},{"taxonomy":"product_tag","embeddable":true,"href":"https:\/\/demo.filizdigital.com\/index.php\/wp-json\/wp\/v2\/product_tag?post=38218"}],"curies":[{"name":"wp","href":"https:\/\/api.w.org\/{rel}","templated":true}]}}