{"id":38547,"date":"2025-12-14T09:13:21","date_gmt":"2025-12-14T06:13:21","guid":{"rendered":"https:\/\/demo.filizdigital.com\/?post_type=product&#038;p=38547"},"modified":"2025-12-14T09:13:27","modified_gmt":"2025-12-14T06:13:27","slug":"acil-durum-itfaiye-polis-ilk-yardim-numaralari","status":"publish","type":"product","link":"https:\/\/demo.filizdigital.com\/index.php\/urun\/acil-durum-itfaiye-polis-ilk-yardim-numaralari\/","title":{"rendered":"Acil Durum \u0130tfaiye Polis \u0130lk Yard\u0131m Numaralar\u0131"},"content":{"rendered":"<h3>Acil Durum \u0130tfaiye Polis \u0130lk Yard\u0131m Numaralar\u0131 Uyar\u0131 Levhas\u0131. Acil durum telefonlar\u0131 ile ilgili t\u00fcm uyar\u0131 levhalar\u0131na <a class=\"kategori\" title=\"acil durum telefonlar\u0131 levhalar\u0131\" href=\"https:\/\/uyarilevha.com\/product-category\/is-guvenlik-levhalari\/acil-durum-numaralari\/\">&#8220;bu kategoriden&#8221;<\/a> ula\u015fabilirsin.<\/h3>\n","protected":false},"excerpt":{"rendered":"<p>Acil Durum \u0130tfaiye Polis \u0130lk Yard\u0131m Numaralar\u0131 \u0130kaz Levhas\u0131<\/p>\n","protected":false},"featured_media":38575,"comment_status":"open","ping_status":"closed","template":"","meta":[],"product_brand":[],"product_cat":[194,119],"product_tag":[155,211,212,213,214],"class_list":{"0":"post-38547","1":"product","2":"type-product","3":"status-publish","4":"has-post-thumbnail","6":"product_cat-acil-durum-numaralari","7":"product_cat-site-ve-apartman-yonetimi-levhalari","8":"product_tag-acil","9":"product_tag-durum","10":"product_tag-ilk-yardim","11":"product_tag-itfaiye","12":"product_tag-polis","14":"first","15":"instock","16":"shipping-taxable","17":"purchasable","18":"product-type-variable","19":"has-default-attributes"},"_links":{"self":[{"href":"https:\/\/demo.filizdigital.com\/index.php\/wp-json\/wp\/v2\/product\/38547","targetHints":{"allow":["GET"]}}],"collection":[{"href":"https:\/\/demo.filizdigital.com\/index.php\/wp-json\/wp\/v2\/product"}],"about":[{"href":"https:\/\/demo.filizdigital.com\/index.php\/wp-json\/wp\/v2\/types\/product"}],"replies":[{"embeddable":true,"href":"https:\/\/demo.filizdigital.com\/index.php\/wp-json\/wp\/v2\/comments?post=38547"}],"wp:featuredmedia":[{"embeddable":true,"href":"https:\/\/demo.filizdigital.com\/index.php\/wp-json\/wp\/v2\/media\/38575"}],"wp:attachment":[{"href":"https:\/\/demo.filizdigital.com\/index.php\/wp-json\/wp\/v2\/media?parent=38547"}],"wp:term":[{"taxonomy":"product_brand","embeddable":true,"href":"https:\/\/demo.filizdigital.com\/index.php\/wp-json\/wp\/v2\/product_brand?post=38547"},{"taxonomy":"product_cat","embeddable":true,"href":"https:\/\/demo.filizdigital.com\/index.php\/wp-json\/wp\/v2\/product_cat?post=38547"},{"taxonomy":"product_tag","embeddable":true,"href":"https:\/\/demo.filizdigital.com\/index.php\/wp-json\/wp\/v2\/product_tag?post=38547"}],"curies":[{"name":"wp","href":"https:\/\/api.w.org\/{rel}","templated":true}]}}