{"id":38641,"date":"2025-12-14T09:13:30","date_gmt":"2025-12-14T06:13:30","guid":{"rendered":"https:\/\/demo.filizdigital.com\/?post_type=product&#038;p=38641"},"modified":"2025-12-14T09:13:36","modified_gmt":"2025-12-14T06:13:36","slug":"acil-durum-112","status":"publish","type":"product","link":"https:\/\/demo.filizdigital.com\/index.php\/urun\/acil-durum-112\/","title":{"rendered":"Acil Durum 112"},"content":{"rendered":"<h3>Acil Durum 112 Uyar\u0131 Levhas\u0131. Acil durum telefonlar\u0131 ile ilgili t\u00fcm uyar\u0131 levhalar\u0131na <a class=\"kategori\" title=\"acil durum telefonlar\u0131 levhalar\u0131\" href=\"https:\/\/uyarilevha.com\/product-category\/is-guvenlik-levhalari\/acil-durum-numaralari\/\">&#8220;bu kategoriden&#8221;<\/a> ula\u015fabilirsin.<\/h3>\n","protected":false},"excerpt":{"rendered":"<p>Acil Durum 112 \u0130kaz Levhas\u0131<\/p>\n","protected":false},"featured_media":38667,"comment_status":"open","ping_status":"closed","template":"","meta":[],"product_brand":[],"product_cat":[194,119],"product_tag":[155,216,211,212,213,217,218,214,219,220],"class_list":{"0":"post-38641","1":"product","2":"type-product","3":"status-publish","4":"has-post-thumbnail","6":"product_cat-acil-durum-numaralari","7":"product_cat-site-ve-apartman-yonetimi-levhalari","8":"product_tag-acil","9":"product_tag-afad","10":"product_tag-durum","11":"product_tag-ilk-yardim","12":"product_tag-itfaiye","13":"product_tag-jandarma","14":"product_tag-orman","15":"product_tag-polis","16":"product_tag-saglik","17":"product_tag-sahil-guvenlik","19":"first","20":"instock","21":"shipping-taxable","22":"purchasable","23":"product-type-variable","24":"has-default-attributes"},"_links":{"self":[{"href":"https:\/\/demo.filizdigital.com\/index.php\/wp-json\/wp\/v2\/product\/38641","targetHints":{"allow":["GET"]}}],"collection":[{"href":"https:\/\/demo.filizdigital.com\/index.php\/wp-json\/wp\/v2\/product"}],"about":[{"href":"https:\/\/demo.filizdigital.com\/index.php\/wp-json\/wp\/v2\/types\/product"}],"replies":[{"embeddable":true,"href":"https:\/\/demo.filizdigital.com\/index.php\/wp-json\/wp\/v2\/comments?post=38641"}],"wp:featuredmedia":[{"embeddable":true,"href":"https:\/\/demo.filizdigital.com\/index.php\/wp-json\/wp\/v2\/media\/38667"}],"wp:attachment":[{"href":"https:\/\/demo.filizdigital.com\/index.php\/wp-json\/wp\/v2\/media?parent=38641"}],"wp:term":[{"taxonomy":"product_brand","embeddable":true,"href":"https:\/\/demo.filizdigital.com\/index.php\/wp-json\/wp\/v2\/product_brand?post=38641"},{"taxonomy":"product_cat","embeddable":true,"href":"https:\/\/demo.filizdigital.com\/index.php\/wp-json\/wp\/v2\/product_cat?post=38641"},{"taxonomy":"product_tag","embeddable":true,"href":"https:\/\/demo.filizdigital.com\/index.php\/wp-json\/wp\/v2\/product_tag?post=38641"}],"curies":[{"name":"wp","href":"https:\/\/api.w.org\/{rel}","templated":true}]}}