{"id":38688,"date":"2025-12-14T09:13:34","date_gmt":"2025-12-14T06:13:34","guid":{"rendered":"https:\/\/demo.filizdigital.com\/?post_type=product&#038;p=38688"},"modified":"2025-12-14T09:13:42","modified_gmt":"2025-12-14T06:13:42","slug":"acil-durum-mudahale-ekipleri-levhasi","status":"publish","type":"product","link":"https:\/\/demo.filizdigital.com\/index.php\/urun\/acil-durum-mudahale-ekipleri-levhasi\/","title":{"rendered":"Acil Durum M\u00fcdahale Ekipleri Levhas\u0131"},"content":{"rendered":"<h3>Acil Durum M\u00fcdahale Ekipleri Uyar\u0131 Levhas\u0131. Acil m\u00fcdahale ile ilgili t\u00fcm uyar\u0131 levhalar\u0131na <a class=\"kategori\" title=\"acil m\u00fcdahale ikaz levhalar\u0131\" href=\"https:\/\/uyarilevha.com\/product-category\/is-guvenlik-levhalari\/acil-mudahale-levhalari\/\">&#8220;bu kategoriden&#8221;<\/a> ula\u015fabilirsin.<\/h3>\n","protected":false},"excerpt":{"rendered":"<p>Acil Durum M\u00fcdahale Ekipleri\u00a0\u0130kaz Levhas\u0131<\/p>\n","protected":false},"featured_media":38698,"comment_status":"open","ping_status":"closed","template":"","meta":[],"product_brand":[],"product_cat":[197,119],"product_tag":[155,221,211,222,223],"class_list":{"0":"post-38688","1":"product","2":"type-product","3":"status-publish","4":"has-post-thumbnail","6":"product_cat-acil-mudahale-levhalari","7":"product_cat-site-ve-apartman-yonetimi-levhalari","8":"product_tag-acil","9":"product_tag-adme","10":"product_tag-durum","11":"product_tag-ekip","12":"product_tag-mudahale","14":"first","15":"instock","16":"shipping-taxable","17":"purchasable","18":"product-type-variable","19":"has-default-attributes"},"_links":{"self":[{"href":"https:\/\/demo.filizdigital.com\/index.php\/wp-json\/wp\/v2\/product\/38688","targetHints":{"allow":["GET"]}}],"collection":[{"href":"https:\/\/demo.filizdigital.com\/index.php\/wp-json\/wp\/v2\/product"}],"about":[{"href":"https:\/\/demo.filizdigital.com\/index.php\/wp-json\/wp\/v2\/types\/product"}],"replies":[{"embeddable":true,"href":"https:\/\/demo.filizdigital.com\/index.php\/wp-json\/wp\/v2\/comments?post=38688"}],"wp:featuredmedia":[{"embeddable":true,"href":"https:\/\/demo.filizdigital.com\/index.php\/wp-json\/wp\/v2\/media\/38698"}],"wp:attachment":[{"href":"https:\/\/demo.filizdigital.com\/index.php\/wp-json\/wp\/v2\/media?parent=38688"}],"wp:term":[{"taxonomy":"product_brand","embeddable":true,"href":"https:\/\/demo.filizdigital.com\/index.php\/wp-json\/wp\/v2\/product_brand?post=38688"},{"taxonomy":"product_cat","embeddable":true,"href":"https:\/\/demo.filizdigital.com\/index.php\/wp-json\/wp\/v2\/product_cat?post=38688"},{"taxonomy":"product_tag","embeddable":true,"href":"https:\/\/demo.filizdigital.com\/index.php\/wp-json\/wp\/v2\/product_tag?post=38688"}],"curies":[{"name":"wp","href":"https:\/\/api.w.org\/{rel}","templated":true}]}}