{"id":38829,"date":"2025-12-14T09:13:49","date_gmt":"2025-12-14T06:13:49","guid":{"rendered":"https:\/\/demo.filizdigital.com\/?post_type=product&#038;p=38829"},"modified":"2025-12-14T09:13:54","modified_gmt":"2025-12-14T06:13:54","slug":"acil-durum-toplanma-alanina-gider-sol","status":"publish","type":"product","link":"https:\/\/demo.filizdigital.com\/index.php\/urun\/acil-durum-toplanma-alanina-gider-sol\/","title":{"rendered":"Acil Durum Toplanma Alan\u0131na Gider Sol"},"content":{"rendered":"<h3>Acil Durum Toplanma Alan\u0131na Gider Sol Uyar\u0131 Levhas\u0131. Acil \u00e7\u0131k\u0131\u015f ile ilgili t\u00fcm uyar\u0131 levhalar\u0131na <a class=\"kategori\" title=\"toplanma alan\u0131 levhalar\u0131\" href=\"https:\/\/uyarilevha.com\/product-category\/is-guvenlik-levhalari\/toplanma-alani\/\">\u201cbu kategoriden\u201d<\/a>\u00a0ula\u015fabilirsin.<\/h3>\n","protected":false},"excerpt":{"rendered":"<p>Acil Durum Toplanma Alan\u0131na Gider \u0130kaz Levhas\u0131<\/p>\n","protected":false},"featured_media":38851,"comment_status":"open","ping_status":"closed","template":"","meta":[],"product_brand":[],"product_cat":[93],"product_tag":[158,94],"class_list":{"0":"post-38829","1":"product","2":"type-product","3":"status-publish","4":"has-post-thumbnail","6":"product_cat-toplanma-alani","7":"product_tag-sol","8":"product_tag-toplanma","10":"first","11":"instock","12":"shipping-taxable","13":"purchasable","14":"product-type-variable","15":"has-default-attributes"},"_links":{"self":[{"href":"https:\/\/demo.filizdigital.com\/index.php\/wp-json\/wp\/v2\/product\/38829","targetHints":{"allow":["GET"]}}],"collection":[{"href":"https:\/\/demo.filizdigital.com\/index.php\/wp-json\/wp\/v2\/product"}],"about":[{"href":"https:\/\/demo.filizdigital.com\/index.php\/wp-json\/wp\/v2\/types\/product"}],"replies":[{"embeddable":true,"href":"https:\/\/demo.filizdigital.com\/index.php\/wp-json\/wp\/v2\/comments?post=38829"}],"wp:featuredmedia":[{"embeddable":true,"href":"https:\/\/demo.filizdigital.com\/index.php\/wp-json\/wp\/v2\/media\/38851"}],"wp:attachment":[{"href":"https:\/\/demo.filizdigital.com\/index.php\/wp-json\/wp\/v2\/media?parent=38829"}],"wp:term":[{"taxonomy":"product_brand","embeddable":true,"href":"https:\/\/demo.filizdigital.com\/index.php\/wp-json\/wp\/v2\/product_brand?post=38829"},{"taxonomy":"product_cat","embeddable":true,"href":"https:\/\/demo.filizdigital.com\/index.php\/wp-json\/wp\/v2\/product_cat?post=38829"},{"taxonomy":"product_tag","embeddable":true,"href":"https:\/\/demo.filizdigital.com\/index.php\/wp-json\/wp\/v2\/product_tag?post=38829"}],"curies":[{"name":"wp","href":"https:\/\/api.w.org\/{rel}","templated":true}]}}