{"id":39800,"date":"2025-12-14T09:15:36","date_gmt":"2025-12-14T06:15:36","guid":{"rendered":"https:\/\/demo.filizdigital.com\/?post_type=product&#038;p=39800"},"modified":"2025-12-14T09:15:41","modified_gmt":"2025-12-14T06:15:41","slug":"acil-toplanma-yeri-sag","status":"publish","type":"product","link":"https:\/\/demo.filizdigital.com\/index.php\/urun\/acil-toplanma-yeri-sag\/","title":{"rendered":"Acil Toplanma Yeri Sa\u011f"},"content":{"rendered":"<h3>Acil Toplanma Yeri Sa\u011f Uyar\u0131 Levhas\u0131, \u00dcreticiden uyar\u0131 levhalar\u0131. Toplanma alan\u0131 ile ikaz levhalar\u0131n\u0131 sat\u0131n al. Acil \u00e7\u0131k\u0131\u015f ile ilgili t\u00fcm uyar\u0131 levhalar\u0131na <a class=\"kategori\" title=\"toplanma alan\u0131 levhalar\u0131\" href=\"https:\/\/uyarilevha.com\/product-category\/is-guvenlik-levhalari\/toplanma-alani\/\">\u201cbu kategoriden\u201d<\/a>\u00a0ula\u015fabilirsin.<\/h3>\n<p>[block id=&#8221;uyari-levha-aciklamasi&#8221;]<\/p>\n","protected":false},"excerpt":{"rendered":"<p>Acil Toplanma Yeri Sa\u011f \u0130kaz Levhas\u0131<\/p>\n","protected":false},"featured_media":39817,"comment_status":"open","ping_status":"closed","template":"","meta":[],"product_brand":[],"product_cat":[93],"product_tag":[155,165,94],"class_list":{"0":"post-39800","1":"product","2":"type-product","3":"status-publish","4":"has-post-thumbnail","6":"product_cat-toplanma-alani","7":"product_tag-acil","8":"product_tag-sag","9":"product_tag-toplanma","11":"first","12":"instock","13":"shipping-taxable","14":"purchasable","15":"product-type-variable","16":"has-default-attributes"},"_links":{"self":[{"href":"https:\/\/demo.filizdigital.com\/index.php\/wp-json\/wp\/v2\/product\/39800","targetHints":{"allow":["GET"]}}],"collection":[{"href":"https:\/\/demo.filizdigital.com\/index.php\/wp-json\/wp\/v2\/product"}],"about":[{"href":"https:\/\/demo.filizdigital.com\/index.php\/wp-json\/wp\/v2\/types\/product"}],"replies":[{"embeddable":true,"href":"https:\/\/demo.filizdigital.com\/index.php\/wp-json\/wp\/v2\/comments?post=39800"}],"wp:featuredmedia":[{"embeddable":true,"href":"https:\/\/demo.filizdigital.com\/index.php\/wp-json\/wp\/v2\/media\/39817"}],"wp:attachment":[{"href":"https:\/\/demo.filizdigital.com\/index.php\/wp-json\/wp\/v2\/media?parent=39800"}],"wp:term":[{"taxonomy":"product_brand","embeddable":true,"href":"https:\/\/demo.filizdigital.com\/index.php\/wp-json\/wp\/v2\/product_brand?post=39800"},{"taxonomy":"product_cat","embeddable":true,"href":"https:\/\/demo.filizdigital.com\/index.php\/wp-json\/wp\/v2\/product_cat?post=39800"},{"taxonomy":"product_tag","embeddable":true,"href":"https:\/\/demo.filizdigital.com\/index.php\/wp-json\/wp\/v2\/product_tag?post=39800"}],"curies":[{"name":"wp","href":"https:\/\/api.w.org\/{rel}","templated":true}]}}