{"id":39894,"date":"2025-12-14T09:15:47","date_gmt":"2025-12-14T06:15:47","guid":{"rendered":"https:\/\/demo.filizdigital.com\/?post_type=product&#038;p=39894"},"modified":"2025-12-14T09:15:56","modified_gmt":"2025-12-14T06:15:56","slug":"acil-yangin-telefonu","status":"publish","type":"product","link":"https:\/\/demo.filizdigital.com\/index.php\/urun\/acil-yangin-telefonu\/","title":{"rendered":"Acil Yang\u0131n Telefonu"},"content":{"rendered":"<h3>Acil Yang\u0131n Telefonu Uyar\u0131 Levhas\u0131. Acil durum telefonlar\u0131 ile ilgili t\u00fcm uyar\u0131 levhalar\u0131na <a class=\"kategori\" title=\"acil durum telefonlar\u0131 levhalar\u0131\" href=\"https:\/\/uyarilevha.com\/product-category\/is-guvenlik-levhalari\/acil-durum-numaralari\/\">&#8220;bu kategoriden&#8221;<\/a> ula\u015fabilirsin.<\/h3>\n","protected":false},"excerpt":{"rendered":"<p>Acil Yang\u0131n Telefonu \u0130kaz Levhas\u0131<\/p>\n","protected":false},"featured_media":39908,"comment_status":"open","ping_status":"closed","template":"","meta":[],"product_brand":[],"product_cat":[194,119],"product_tag":[155,225,188],"class_list":{"0":"post-39894","1":"product","2":"type-product","3":"status-publish","4":"has-post-thumbnail","6":"product_cat-acil-durum-numaralari","7":"product_cat-site-ve-apartman-yonetimi-levhalari","8":"product_tag-acil","9":"product_tag-telefon","10":"product_tag-yangin","12":"first","13":"instock","14":"shipping-taxable","15":"purchasable","16":"product-type-variable","17":"has-default-attributes"},"_links":{"self":[{"href":"https:\/\/demo.filizdigital.com\/index.php\/wp-json\/wp\/v2\/product\/39894","targetHints":{"allow":["GET"]}}],"collection":[{"href":"https:\/\/demo.filizdigital.com\/index.php\/wp-json\/wp\/v2\/product"}],"about":[{"href":"https:\/\/demo.filizdigital.com\/index.php\/wp-json\/wp\/v2\/types\/product"}],"replies":[{"embeddable":true,"href":"https:\/\/demo.filizdigital.com\/index.php\/wp-json\/wp\/v2\/comments?post=39894"}],"wp:featuredmedia":[{"embeddable":true,"href":"https:\/\/demo.filizdigital.com\/index.php\/wp-json\/wp\/v2\/media\/39908"}],"wp:attachment":[{"href":"https:\/\/demo.filizdigital.com\/index.php\/wp-json\/wp\/v2\/media?parent=39894"}],"wp:term":[{"taxonomy":"product_brand","embeddable":true,"href":"https:\/\/demo.filizdigital.com\/index.php\/wp-json\/wp\/v2\/product_brand?post=39894"},{"taxonomy":"product_cat","embeddable":true,"href":"https:\/\/demo.filizdigital.com\/index.php\/wp-json\/wp\/v2\/product_cat?post=39894"},{"taxonomy":"product_tag","embeddable":true,"href":"https:\/\/demo.filizdigital.com\/index.php\/wp-json\/wp\/v2\/product_tag?post=39894"}],"curies":[{"name":"wp","href":"https:\/\/api.w.org\/{rel}","templated":true}]}}