{"id":39975,"date":"2025-12-14T09:15:57","date_gmt":"2025-12-14T06:15:57","guid":{"rendered":"https:\/\/demo.filizdigital.com\/?post_type=product&#038;p=39975"},"modified":"2025-12-14T09:16:00","modified_gmt":"2025-12-14T06:16:00","slug":"acma-yonu","status":"publish","type":"product","link":"https:\/\/demo.filizdigital.com\/index.php\/urun\/acma-yonu\/","title":{"rendered":"A\u00e7ma Y\u00f6n\u00fc"},"content":{"rendered":"<p>A\u00e7ma Y\u00f6n\u00fc Sa\u011f Y\u00f6nlendirme Levhas\u0131.<\/p>\n","protected":false},"excerpt":{"rendered":"<p>A\u00e7ma Y\u00f6n\u00fc Y\u00f6nlendirme \u0130kaz Levhas\u0131<\/p>\n","protected":false},"featured_media":40001,"comment_status":"open","ping_status":"closed","template":"","meta":[],"product_brand":[],"product_cat":[154],"product_tag":[],"class_list":{"0":"post-39975","1":"product","2":"type-product","3":"status-publish","4":"has-post-thumbnail","6":"product_cat-acil-cikis-yonlendirmeleri","8":"first","9":"instock","10":"shipping-taxable","11":"purchasable","12":"product-type-variable","13":"has-default-attributes"},"_links":{"self":[{"href":"https:\/\/demo.filizdigital.com\/index.php\/wp-json\/wp\/v2\/product\/39975","targetHints":{"allow":["GET"]}}],"collection":[{"href":"https:\/\/demo.filizdigital.com\/index.php\/wp-json\/wp\/v2\/product"}],"about":[{"href":"https:\/\/demo.filizdigital.com\/index.php\/wp-json\/wp\/v2\/types\/product"}],"replies":[{"embeddable":true,"href":"https:\/\/demo.filizdigital.com\/index.php\/wp-json\/wp\/v2\/comments?post=39975"}],"wp:featuredmedia":[{"embeddable":true,"href":"https:\/\/demo.filizdigital.com\/index.php\/wp-json\/wp\/v2\/media\/40001"}],"wp:attachment":[{"href":"https:\/\/demo.filizdigital.com\/index.php\/wp-json\/wp\/v2\/media?parent=39975"}],"wp:term":[{"taxonomy":"product_brand","embeddable":true,"href":"https:\/\/demo.filizdigital.com\/index.php\/wp-json\/wp\/v2\/product_brand?post=39975"},{"taxonomy":"product_cat","embeddable":true,"href":"https:\/\/demo.filizdigital.com\/index.php\/wp-json\/wp\/v2\/product_cat?post=39975"},{"taxonomy":"product_tag","embeddable":true,"href":"https:\/\/demo.filizdigital.com\/index.php\/wp-json\/wp\/v2\/product_tag?post=39975"}],"curies":[{"name":"wp","href":"https:\/\/api.w.org\/{rel}","templated":true}]}}