{"id":39976,"date":"2025-12-14T09:15:57","date_gmt":"2025-12-14T06:15:57","guid":{"rendered":"https:\/\/demo.filizdigital.com\/?post_type=product&#038;p=39976"},"modified":"2025-12-14T09:16:14","modified_gmt":"2025-12-14T06:16:14","slug":"acma-yonu-sol","status":"publish","type":"product","link":"https:\/\/demo.filizdigital.com\/index.php\/urun\/acma-yonu-sol\/","title":{"rendered":"A\u00e7ma Y\u00f6n\u00fc Sol"},"content":{"rendered":"<p>A\u00e7ma Y\u00f6n\u00fc Sol Y\u00f6nlendirme Levhas\u0131.<\/p>\n","protected":false},"excerpt":{"rendered":"<p>A\u00e7ma Y\u00f6n\u00fc Sol Y\u00f6nlendirme \u0130kaz Levhas\u0131<\/p>\n","protected":false},"featured_media":40002,"comment_status":"open","ping_status":"closed","template":"","meta":[],"product_brand":[],"product_cat":[154],"product_tag":[158],"class_list":{"0":"post-39976","1":"product","2":"type-product","3":"status-publish","4":"has-post-thumbnail","6":"product_cat-acil-cikis-yonlendirmeleri","7":"product_tag-sol","9":"first","10":"instock","11":"shipping-taxable","12":"purchasable","13":"product-type-variable","14":"has-default-attributes"},"_links":{"self":[{"href":"https:\/\/demo.filizdigital.com\/index.php\/wp-json\/wp\/v2\/product\/39976","targetHints":{"allow":["GET"]}}],"collection":[{"href":"https:\/\/demo.filizdigital.com\/index.php\/wp-json\/wp\/v2\/product"}],"about":[{"href":"https:\/\/demo.filizdigital.com\/index.php\/wp-json\/wp\/v2\/types\/product"}],"replies":[{"embeddable":true,"href":"https:\/\/demo.filizdigital.com\/index.php\/wp-json\/wp\/v2\/comments?post=39976"}],"wp:featuredmedia":[{"embeddable":true,"href":"https:\/\/demo.filizdigital.com\/index.php\/wp-json\/wp\/v2\/media\/40002"}],"wp:attachment":[{"href":"https:\/\/demo.filizdigital.com\/index.php\/wp-json\/wp\/v2\/media?parent=39976"}],"wp:term":[{"taxonomy":"product_brand","embeddable":true,"href":"https:\/\/demo.filizdigital.com\/index.php\/wp-json\/wp\/v2\/product_brand?post=39976"},{"taxonomy":"product_cat","embeddable":true,"href":"https:\/\/demo.filizdigital.com\/index.php\/wp-json\/wp\/v2\/product_cat?post=39976"},{"taxonomy":"product_tag","embeddable":true,"href":"https:\/\/demo.filizdigital.com\/index.php\/wp-json\/wp\/v2\/product_tag?post=39976"}],"curies":[{"name":"wp","href":"https:\/\/api.w.org\/{rel}","templated":true}]}}