{"id":40009,"date":"2025-12-14T09:16:01","date_gmt":"2025-12-14T06:16:01","guid":{"rendered":"https:\/\/demo.filizdigital.com\/?post_type=product&#038;p=40009"},"modified":"2025-12-14T09:16:14","modified_gmt":"2025-12-14T06:16:14","slug":"adaptasyon-odasi","status":"publish","type":"product","link":"https:\/\/demo.filizdigital.com\/index.php\/urun\/adaptasyon-odasi\/","title":{"rendered":"Adaptasyon Odas\u0131"},"content":{"rendered":"<p>Adaptasyon Odas\u0131 Kap\u0131 \u0130simli\u011fi, B\u00f6l\u00fcm \/ K\u0131s\u0131m Levhas\u0131.<\/p>\n","protected":false},"excerpt":{"rendered":"<p>Adaptasyon Odas\u0131 Kap\u0131 \u0130simli\u011fi<\/p>\n","protected":false},"featured_media":40035,"comment_status":"open","ping_status":"closed","template":"","meta":[],"product_brand":[],"product_cat":[233,120],"product_tag":[235],"class_list":{"0":"post-40009","1":"product","2":"type-product","3":"status-publish","4":"has-post-thumbnail","6":"product_cat-acil-mudahale-isimlikleri","7":"product_cat-kapi-isimlikleri","8":"product_tag-adaptasyon","10":"first","11":"instock","12":"shipping-taxable","13":"purchasable","14":"product-type-variable","15":"has-default-attributes"},"_links":{"self":[{"href":"https:\/\/demo.filizdigital.com\/index.php\/wp-json\/wp\/v2\/product\/40009","targetHints":{"allow":["GET"]}}],"collection":[{"href":"https:\/\/demo.filizdigital.com\/index.php\/wp-json\/wp\/v2\/product"}],"about":[{"href":"https:\/\/demo.filizdigital.com\/index.php\/wp-json\/wp\/v2\/types\/product"}],"replies":[{"embeddable":true,"href":"https:\/\/demo.filizdigital.com\/index.php\/wp-json\/wp\/v2\/comments?post=40009"}],"wp:featuredmedia":[{"embeddable":true,"href":"https:\/\/demo.filizdigital.com\/index.php\/wp-json\/wp\/v2\/media\/40035"}],"wp:attachment":[{"href":"https:\/\/demo.filizdigital.com\/index.php\/wp-json\/wp\/v2\/media?parent=40009"}],"wp:term":[{"taxonomy":"product_brand","embeddable":true,"href":"https:\/\/demo.filizdigital.com\/index.php\/wp-json\/wp\/v2\/product_brand?post=40009"},{"taxonomy":"product_cat","embeddable":true,"href":"https:\/\/demo.filizdigital.com\/index.php\/wp-json\/wp\/v2\/product_cat?post=40009"},{"taxonomy":"product_tag","embeddable":true,"href":"https:\/\/demo.filizdigital.com\/index.php\/wp-json\/wp\/v2\/product_tag?post=40009"}],"curies":[{"name":"wp","href":"https:\/\/api.w.org\/{rel}","templated":true}]}}