{"id":40089,"date":"2025-12-14T09:16:18","date_gmt":"2025-12-14T06:16:18","guid":{"rendered":"https:\/\/demo.filizdigital.com\/?post_type=product&#038;p=40089"},"modified":"2025-12-14T09:16:27","modified_gmt":"2025-12-14T06:16:27","slug":"agir-yuk-koymayiniz-ziplamayiniz-zemin-dayaniksizdir","status":"publish","type":"product","link":"https:\/\/demo.filizdigital.com\/index.php\/urun\/agir-yuk-koymayiniz-ziplamayiniz-zemin-dayaniksizdir\/","title":{"rendered":"A\u011f\u0131r Y\u00fck Koymay\u0131n\u0131z Z\u0131plamay\u0131n\u0131z Zemin Dayan\u0131ks\u0131zd\u0131r"},"content":{"rendered":"<h3>A\u011f\u0131r Y\u00fck Koymay\u0131n\u0131z Z\u0131plamay\u0131n\u0131z Zemin Dayan\u0131ks\u0131zd\u0131r Uyar\u0131 Levhas\u0131. Y\u00fck kald\u0131rma ve y\u00fckleme levhalar\u0131 ile ilgili t\u00fcm uyar\u0131 levhalar\u0131na <a class=\"kategori\" title=\"y\u00fck kald\u0131rma ve y\u00fckleme levhalar\u0131\" href=\"https:\/\/uyarilevha.com\/product-category\/is-guvenlik-levhalari\/yukleme-bosaltma-yuk-kaldirma-levhalari\/\">&#8220;bu kategoriden&#8221;<\/a> ula\u015fabilirsin.<\/h3>\n","protected":false},"excerpt":{"rendered":"<p>A\u011f\u0131r Y\u00fck Koymay\u0131n\u0131z Z\u0131plamay\u0131n\u0131z Zemin Dayan\u0131ks\u0131zd\u0131r \u0130kaz Levhas\u0131<\/p>\n","protected":false},"featured_media":40111,"comment_status":"open","ping_status":"closed","template":"","meta":[],"product_brand":[],"product_cat":[236],"product_tag":[237,238,239],"class_list":{"0":"post-40089","1":"product","2":"type-product","3":"status-publish","4":"has-post-thumbnail","6":"product_cat-yukleme-bosaltma-ve-yuk-kaldirma-levhalari","7":"product_tag-agir","8":"product_tag-yuk","9":"product_tag-zemin","11":"first","12":"instock","13":"shipping-taxable","14":"purchasable","15":"product-type-variable","16":"has-default-attributes"},"_links":{"self":[{"href":"https:\/\/demo.filizdigital.com\/index.php\/wp-json\/wp\/v2\/product\/40089","targetHints":{"allow":["GET"]}}],"collection":[{"href":"https:\/\/demo.filizdigital.com\/index.php\/wp-json\/wp\/v2\/product"}],"about":[{"href":"https:\/\/demo.filizdigital.com\/index.php\/wp-json\/wp\/v2\/types\/product"}],"replies":[{"embeddable":true,"href":"https:\/\/demo.filizdigital.com\/index.php\/wp-json\/wp\/v2\/comments?post=40089"}],"wp:featuredmedia":[{"embeddable":true,"href":"https:\/\/demo.filizdigital.com\/index.php\/wp-json\/wp\/v2\/media\/40111"}],"wp:attachment":[{"href":"https:\/\/demo.filizdigital.com\/index.php\/wp-json\/wp\/v2\/media?parent=40089"}],"wp:term":[{"taxonomy":"product_brand","embeddable":true,"href":"https:\/\/demo.filizdigital.com\/index.php\/wp-json\/wp\/v2\/product_brand?post=40089"},{"taxonomy":"product_cat","embeddable":true,"href":"https:\/\/demo.filizdigital.com\/index.php\/wp-json\/wp\/v2\/product_cat?post=40089"},{"taxonomy":"product_tag","embeddable":true,"href":"https:\/\/demo.filizdigital.com\/index.php\/wp-json\/wp\/v2\/product_tag?post=40089"}],"curies":[{"name":"wp","href":"https:\/\/api.w.org\/{rel}","templated":true}]}}