{"id":40275,"date":"2025-12-14T09:16:58","date_gmt":"2025-12-14T06:16:58","guid":{"rendered":"https:\/\/demo.filizdigital.com\/?post_type=product&#038;p=40275"},"modified":"2025-12-14T09:17:04","modified_gmt":"2025-12-14T06:17:04","slug":"aileniz-sizi-evde-bekliyor","status":"publish","type":"product","link":"https:\/\/demo.filizdigital.com\/index.php\/urun\/aileniz-sizi-evde-bekliyor\/","title":{"rendered":"Aileniz Sizi Evde Bekliyor"},"content":{"rendered":"<h3>Aileniz Sizi Evde Bekliyor Uyar\u0131 Levhas\u0131. Y\u00fck kald\u0131rma ve y\u00fckleme levhalar\u0131 ile ilgili t\u00fcm uyar\u0131 levhalar\u0131na <a class=\"kategori\" title=\"y\u00fck kald\u0131rma ve y\u00fckleme levhalar\u0131\" href=\"https:\/\/uyarilevha.com\/product-category\/is-guvenlik-levhalari\/yukleme-bosaltma-yuk-kaldirma-levhalari\/\">&#8220;bu kategoriden&#8221;<\/a> ula\u015fabilirsin.<\/h3>\n","protected":false},"excerpt":{"rendered":"<p>Aileniz Sizi Evde Bekliyor \u0130kaz Levhas\u0131<\/p>\n","protected":false},"featured_media":40293,"comment_status":"open","ping_status":"closed","template":"","meta":[],"product_brand":[],"product_cat":[243],"product_tag":[244],"class_list":{"0":"post-40275","1":"product","2":"type-product","3":"status-publish","4":"has-post-thumbnail","6":"product_cat-renkli-uyari-levhalari","7":"product_tag-aile","9":"first","10":"instock","11":"shipping-taxable","12":"purchasable","13":"product-type-variable","14":"has-default-attributes"},"_links":{"self":[{"href":"https:\/\/demo.filizdigital.com\/index.php\/wp-json\/wp\/v2\/product\/40275","targetHints":{"allow":["GET"]}}],"collection":[{"href":"https:\/\/demo.filizdigital.com\/index.php\/wp-json\/wp\/v2\/product"}],"about":[{"href":"https:\/\/demo.filizdigital.com\/index.php\/wp-json\/wp\/v2\/types\/product"}],"replies":[{"embeddable":true,"href":"https:\/\/demo.filizdigital.com\/index.php\/wp-json\/wp\/v2\/comments?post=40275"}],"wp:featuredmedia":[{"embeddable":true,"href":"https:\/\/demo.filizdigital.com\/index.php\/wp-json\/wp\/v2\/media\/40293"}],"wp:attachment":[{"href":"https:\/\/demo.filizdigital.com\/index.php\/wp-json\/wp\/v2\/media?parent=40275"}],"wp:term":[{"taxonomy":"product_brand","embeddable":true,"href":"https:\/\/demo.filizdigital.com\/index.php\/wp-json\/wp\/v2\/product_brand?post=40275"},{"taxonomy":"product_cat","embeddable":true,"href":"https:\/\/demo.filizdigital.com\/index.php\/wp-json\/wp\/v2\/product_cat?post=40275"},{"taxonomy":"product_tag","embeddable":true,"href":"https:\/\/demo.filizdigital.com\/index.php\/wp-json\/wp\/v2\/product_tag?post=40275"}],"curies":[{"name":"wp","href":"https:\/\/api.w.org\/{rel}","templated":true}]}}