{"id":40322,"date":"2025-12-14T09:17:02","date_gmt":"2025-12-14T06:17:02","guid":{"rendered":"https:\/\/demo.filizdigital.com\/?post_type=product&#038;p=40322"},"modified":"2025-12-14T09:17:11","modified_gmt":"2025-12-14T06:17:11","slug":"akim-kesilmeden-elektrik-tamiri-yapilmaz","status":"publish","type":"product","link":"https:\/\/demo.filizdigital.com\/index.php\/urun\/akim-kesilmeden-elektrik-tamiri-yapilmaz\/","title":{"rendered":"Ak\u0131m Kesilmeden Elektrik Tamiri Yap\u0131lmaz"},"content":{"rendered":"<h3>Ak\u0131m Kesilmeden Elektrik Tamiri Yap\u0131lmaz Uyar\u0131 Levhas\u0131. Elektrik uyar\u0131 ile ilgili t\u00fcm levhalara <a class=\"kategori\" href=\"https:\/\/uyarilevha.com\/product-category\/is-guvenlik-levhalari\/elektrik-uyari-levhari\/\">&#8220;bu kategoriden&#8221;<\/a> ula\u015fabilirsin.<\/h3>\n","protected":false},"excerpt":{"rendered":"<p>Ak\u0131m Kesilmeden Elektrik Tamiri Yap\u0131lmaz \u0130kaz Levhas\u0131<\/p>\n","protected":false},"featured_media":40325,"comment_status":"open","ping_status":"closed","template":"","meta":[],"product_brand":[],"product_cat":[103,245],"product_tag":[246,104,247],"class_list":{"0":"post-40322","1":"product","2":"type-product","3":"status-publish","4":"has-post-thumbnail","6":"product_cat-elektrik-uyari-levhari","7":"product_cat-tamir-bakim-ve-ariza-uyarilari","8":"product_tag-akim","9":"product_tag-elektrik","10":"product_tag-tamir","12":"first","13":"instock","14":"shipping-taxable","15":"purchasable","16":"product-type-variable","17":"has-default-attributes"},"_links":{"self":[{"href":"https:\/\/demo.filizdigital.com\/index.php\/wp-json\/wp\/v2\/product\/40322","targetHints":{"allow":["GET"]}}],"collection":[{"href":"https:\/\/demo.filizdigital.com\/index.php\/wp-json\/wp\/v2\/product"}],"about":[{"href":"https:\/\/demo.filizdigital.com\/index.php\/wp-json\/wp\/v2\/types\/product"}],"replies":[{"embeddable":true,"href":"https:\/\/demo.filizdigital.com\/index.php\/wp-json\/wp\/v2\/comments?post=40322"}],"wp:featuredmedia":[{"embeddable":true,"href":"https:\/\/demo.filizdigital.com\/index.php\/wp-json\/wp\/v2\/media\/40325"}],"wp:attachment":[{"href":"https:\/\/demo.filizdigital.com\/index.php\/wp-json\/wp\/v2\/media?parent=40322"}],"wp:term":[{"taxonomy":"product_brand","embeddable":true,"href":"https:\/\/demo.filizdigital.com\/index.php\/wp-json\/wp\/v2\/product_brand?post=40322"},{"taxonomy":"product_cat","embeddable":true,"href":"https:\/\/demo.filizdigital.com\/index.php\/wp-json\/wp\/v2\/product_cat?post=40322"},{"taxonomy":"product_tag","embeddable":true,"href":"https:\/\/demo.filizdigital.com\/index.php\/wp-json\/wp\/v2\/product_tag?post=40322"}],"curies":[{"name":"wp","href":"https:\/\/api.w.org\/{rel}","templated":true}]}}