{"id":40323,"date":"2025-12-14T09:17:02","date_gmt":"2025-12-14T06:17:02","guid":{"rendered":"https:\/\/demo.filizdigital.com\/?post_type=product&#038;p=40323"},"modified":"2025-12-14T09:17:13","modified_gmt":"2025-12-14T06:17:13","slug":"akim-kesmeden-kaynak-tamiri-yapilmaz","status":"publish","type":"product","link":"https:\/\/demo.filizdigital.com\/index.php\/urun\/akim-kesmeden-kaynak-tamiri-yapilmaz\/","title":{"rendered":"Ak\u0131m Kesmeden Kaynak Tamiri Yap\u0131lmaz"},"content":{"rendered":"<h3>Ak\u0131m Kesmeden Kaynak Tamiri Yap\u0131lmaz Uyar\u0131 Levhas\u0131. Elektrik uyar\u0131 ile ilgili t\u00fcm levhalara <a class=\"kategori\" href=\"https:\/\/uyarilevha.com\/product-category\/is-guvenlik-levhalari\/elektrik-uyari-levhari\/\">&#8220;bu kategoriden&#8221;<\/a> ula\u015fabilirsin.<\/h3>\n","protected":false},"excerpt":{"rendered":"<p>Ak\u0131m Kesmeden Kaynak Tamiri Yap\u0131lmaz \u0130kaz Levhas\u0131<\/p>\n","protected":false},"featured_media":40385,"comment_status":"open","ping_status":"closed","template":"","meta":[],"product_brand":[],"product_cat":[103,248,245],"product_tag":[246,104,249,247],"class_list":{"0":"post-40323","1":"product","2":"type-product","3":"status-publish","4":"has-post-thumbnail","6":"product_cat-elektrik-uyari-levhari","7":"product_cat-kaynak-uyari-levhalari","8":"product_cat-tamir-bakim-ve-ariza-uyarilari","9":"product_tag-akim","10":"product_tag-elektrik","11":"product_tag-kaynak","12":"product_tag-tamir","14":"first","15":"instock","16":"shipping-taxable","17":"purchasable","18":"product-type-variable","19":"has-default-attributes"},"_links":{"self":[{"href":"https:\/\/demo.filizdigital.com\/index.php\/wp-json\/wp\/v2\/product\/40323","targetHints":{"allow":["GET"]}}],"collection":[{"href":"https:\/\/demo.filizdigital.com\/index.php\/wp-json\/wp\/v2\/product"}],"about":[{"href":"https:\/\/demo.filizdigital.com\/index.php\/wp-json\/wp\/v2\/types\/product"}],"replies":[{"embeddable":true,"href":"https:\/\/demo.filizdigital.com\/index.php\/wp-json\/wp\/v2\/comments?post=40323"}],"wp:featuredmedia":[{"embeddable":true,"href":"https:\/\/demo.filizdigital.com\/index.php\/wp-json\/wp\/v2\/media\/40385"}],"wp:attachment":[{"href":"https:\/\/demo.filizdigital.com\/index.php\/wp-json\/wp\/v2\/media?parent=40323"}],"wp:term":[{"taxonomy":"product_brand","embeddable":true,"href":"https:\/\/demo.filizdigital.com\/index.php\/wp-json\/wp\/v2\/product_brand?post=40323"},{"taxonomy":"product_cat","embeddable":true,"href":"https:\/\/demo.filizdigital.com\/index.php\/wp-json\/wp\/v2\/product_cat?post=40323"},{"taxonomy":"product_tag","embeddable":true,"href":"https:\/\/demo.filizdigital.com\/index.php\/wp-json\/wp\/v2\/product_tag?post=40323"}],"curies":[{"name":"wp","href":"https:\/\/api.w.org\/{rel}","templated":true}]}}