{"id":40463,"date":"2025-12-14T09:17:18","date_gmt":"2025-12-14T06:17:18","guid":{"rendered":"https:\/\/demo.filizdigital.com\/?post_type=product&#038;p=40463"},"modified":"2025-12-14T09:17:26","modified_gmt":"2025-12-14T06:17:26","slug":"aksam-paydosta-isiklari-kapatiniz","status":"publish","type":"product","link":"https:\/\/demo.filizdigital.com\/index.php\/urun\/aksam-paydosta-isiklari-kapatiniz\/","title":{"rendered":"Ak\u015fam Paydosta I\u015f\u0131klar\u0131 Kapat\u0131n\u0131z"},"content":{"rendered":"<h3>Ak\u015fam Paydosta I\u015f\u0131klar\u0131 Kapat\u0131n\u0131z Uyar\u0131 Levhas\u0131. Makine malzeme ara\u00e7 ve gere\u00e7 levhalar\u0131 ile ilgili t\u00fcm uyar\u0131 levhalar\u0131na <a class=\"kategori\" title=\"malzeme makine ara\u00e7 gere\u00e7 ikaz levhalar\u0131\" href=\"https:\/\/uyarilevha.com\/product-category\/is-guvenlik-levhalari\/makina-malzeme-arac-ve-gerecler\/\">&#8220;bu kategoriden&#8221;<\/a> ula\u015fabilirsin.<\/h3>\n","protected":false},"excerpt":{"rendered":"<p>Ak\u015fam Paydosta I\u015f\u0131klar\u0131 Kapat\u0131n\u0131z \u0130kaz Levhas\u0131<\/p>\n","protected":false},"featured_media":40477,"comment_status":"open","ping_status":"closed","template":"","meta":[],"product_brand":[],"product_cat":[254],"product_tag":[255,256,257],"class_list":{"0":"post-40463","1":"product","2":"type-product","3":"status-publish","4":"has-post-thumbnail","6":"product_cat-is-baslangic-ve-bitis-uyarilari","7":"product_tag-aksam","8":"product_tag-isik","9":"product_tag-paydos","11":"first","12":"instock","13":"shipping-taxable","14":"purchasable","15":"product-type-variable","16":"has-default-attributes"},"_links":{"self":[{"href":"https:\/\/demo.filizdigital.com\/index.php\/wp-json\/wp\/v2\/product\/40463","targetHints":{"allow":["GET"]}}],"collection":[{"href":"https:\/\/demo.filizdigital.com\/index.php\/wp-json\/wp\/v2\/product"}],"about":[{"href":"https:\/\/demo.filizdigital.com\/index.php\/wp-json\/wp\/v2\/types\/product"}],"replies":[{"embeddable":true,"href":"https:\/\/demo.filizdigital.com\/index.php\/wp-json\/wp\/v2\/comments?post=40463"}],"wp:featuredmedia":[{"embeddable":true,"href":"https:\/\/demo.filizdigital.com\/index.php\/wp-json\/wp\/v2\/media\/40477"}],"wp:attachment":[{"href":"https:\/\/demo.filizdigital.com\/index.php\/wp-json\/wp\/v2\/media?parent=40463"}],"wp:term":[{"taxonomy":"product_brand","embeddable":true,"href":"https:\/\/demo.filizdigital.com\/index.php\/wp-json\/wp\/v2\/product_brand?post=40463"},{"taxonomy":"product_cat","embeddable":true,"href":"https:\/\/demo.filizdigital.com\/index.php\/wp-json\/wp\/v2\/product_cat?post=40463"},{"taxonomy":"product_tag","embeddable":true,"href":"https:\/\/demo.filizdigital.com\/index.php\/wp-json\/wp\/v2\/product_tag?post=40463"}],"curies":[{"name":"wp","href":"https:\/\/api.w.org\/{rel}","templated":true}]}}