{"id":40698,"date":"2025-12-14T09:17:44","date_gmt":"2025-12-14T06:17:44","guid":{"rendered":"https:\/\/demo.filizdigital.com\/?post_type=product&#038;p=40698"},"modified":"2025-12-14T09:17:51","modified_gmt":"2025-12-14T06:17:51","slug":"aku-sarj-alani-malzeme-koymayiniz","status":"publish","type":"product","link":"https:\/\/demo.filizdigital.com\/index.php\/urun\/aku-sarj-alani-malzeme-koymayiniz\/","title":{"rendered":"Ak\u00fc \u015earj Alan\u0131 Malzeme Koymay\u0131n\u0131z"},"content":{"rendered":"<h3>Ak\u00fc \u015earj Alan\u0131 Malzeme Koymay\u0131n\u0131z Uyar\u0131 Levhas\u0131. Belirlenmi\u015f alanlar ile ilgili uyar\u0131 levhalar\u0131na <a class=\"kategori\" title=\"belirlenmi\u015f alanlar\" href=\"https:\/\/uyarilevha.com\/product-category\/is-guvenlik-levhalari\/belirlenmis-alanlar\/\">&#8220;bu kategoriden&#8221;<\/a>\u00a0ula\u015fabilirsin.<\/h3>\n","protected":false},"excerpt":{"rendered":"<p>Ak\u00fc \u015earj Alan\u0131 Malzeme Koymay\u0131n\u0131z \u0130kaz Levhas\u0131<\/p>\n","protected":false},"featured_media":40722,"comment_status":"open","ping_status":"closed","template":"","meta":[],"product_brand":[],"product_cat":[122],"product_tag":[261,89,186,262],"class_list":{"0":"post-40698","1":"product","2":"type-product","3":"status-publish","4":"has-post-thumbnail","6":"product_cat-belirlenmis-alanlar","7":"product_tag-aku","8":"product_tag-depo","9":"product_tag-malzeme","10":"product_tag-sarj","12":"first","13":"instock","14":"shipping-taxable","15":"purchasable","16":"product-type-variable","17":"has-default-attributes"},"_links":{"self":[{"href":"https:\/\/demo.filizdigital.com\/index.php\/wp-json\/wp\/v2\/product\/40698","targetHints":{"allow":["GET"]}}],"collection":[{"href":"https:\/\/demo.filizdigital.com\/index.php\/wp-json\/wp\/v2\/product"}],"about":[{"href":"https:\/\/demo.filizdigital.com\/index.php\/wp-json\/wp\/v2\/types\/product"}],"replies":[{"embeddable":true,"href":"https:\/\/demo.filizdigital.com\/index.php\/wp-json\/wp\/v2\/comments?post=40698"}],"wp:featuredmedia":[{"embeddable":true,"href":"https:\/\/demo.filizdigital.com\/index.php\/wp-json\/wp\/v2\/media\/40722"}],"wp:attachment":[{"href":"https:\/\/demo.filizdigital.com\/index.php\/wp-json\/wp\/v2\/media?parent=40698"}],"wp:term":[{"taxonomy":"product_brand","embeddable":true,"href":"https:\/\/demo.filizdigital.com\/index.php\/wp-json\/wp\/v2\/product_brand?post=40698"},{"taxonomy":"product_cat","embeddable":true,"href":"https:\/\/demo.filizdigital.com\/index.php\/wp-json\/wp\/v2\/product_cat?post=40698"},{"taxonomy":"product_tag","embeddable":true,"href":"https:\/\/demo.filizdigital.com\/index.php\/wp-json\/wp\/v2\/product_tag?post=40698"}],"curies":[{"name":"wp","href":"https:\/\/api.w.org\/{rel}","templated":true}]}}