{"id":40745,"date":"2025-12-14T09:17:49","date_gmt":"2025-12-14T06:17:49","guid":{"rendered":"https:\/\/demo.filizdigital.com\/?post_type=product&#038;p=40745"},"modified":"2025-12-14T09:17:58","modified_gmt":"2025-12-14T06:17:58","slug":"guvenli-aku-sarj-talimati","status":"publish","type":"product","link":"https:\/\/demo.filizdigital.com\/index.php\/urun\/guvenli-aku-sarj-talimati\/","title":{"rendered":"G\u00fcvenli Ak\u00fc \u015earj Talimat\u0131"},"content":{"rendered":"<h3>G\u00fcvenli Ak\u00fc \u015earj Talimat\u0131 Uyar\u0131 Levhas\u0131. \u00c7e\u015fitli kullan\u0131m talimatlar\u0131 ile ilgili uyar\u0131 ve ikaz levhalar\u0131na <a class=\"kategori\" title=\"uyar\u0131 ve ikaz talimatlar\u0131\" href=\"https:\/\/uyarilevha.com\/product-category\/is-guvenlik-levhalari\/talimatlar\/\">&#8220;bu kategoriden&#8221;<\/a> ula\u015fabilirsin.<\/h3>\n","protected":false},"excerpt":{"rendered":"<p>G\u00fcvenli Ak\u00fc \u015earj Talimat\u0131 \u0130kaz Levhas\u0131<\/p>\n","protected":false},"featured_media":40755,"comment_status":"open","ping_status":"closed","template":"","meta":[],"product_brand":[],"product_cat":[180],"product_tag":[261,262,182],"class_list":{"0":"post-40745","1":"product","2":"type-product","3":"status-publish","4":"has-post-thumbnail","6":"product_cat-talimatlar","7":"product_tag-aku","8":"product_tag-sarj","9":"product_tag-talimat","11":"first","12":"instock","13":"shipping-taxable","14":"purchasable","15":"product-type-variable","16":"has-default-attributes"},"_links":{"self":[{"href":"https:\/\/demo.filizdigital.com\/index.php\/wp-json\/wp\/v2\/product\/40745","targetHints":{"allow":["GET"]}}],"collection":[{"href":"https:\/\/demo.filizdigital.com\/index.php\/wp-json\/wp\/v2\/product"}],"about":[{"href":"https:\/\/demo.filizdigital.com\/index.php\/wp-json\/wp\/v2\/types\/product"}],"replies":[{"embeddable":true,"href":"https:\/\/demo.filizdigital.com\/index.php\/wp-json\/wp\/v2\/comments?post=40745"}],"wp:featuredmedia":[{"embeddable":true,"href":"https:\/\/demo.filizdigital.com\/index.php\/wp-json\/wp\/v2\/media\/40755"}],"wp:attachment":[{"href":"https:\/\/demo.filizdigital.com\/index.php\/wp-json\/wp\/v2\/media?parent=40745"}],"wp:term":[{"taxonomy":"product_brand","embeddable":true,"href":"https:\/\/demo.filizdigital.com\/index.php\/wp-json\/wp\/v2\/product_brand?post=40745"},{"taxonomy":"product_cat","embeddable":true,"href":"https:\/\/demo.filizdigital.com\/index.php\/wp-json\/wp\/v2\/product_cat?post=40745"},{"taxonomy":"product_tag","embeddable":true,"href":"https:\/\/demo.filizdigital.com\/index.php\/wp-json\/wp\/v2\/product_tag?post=40745"}],"curies":[{"name":"wp","href":"https:\/\/api.w.org\/{rel}","templated":true}]}}