{"id":40933,"date":"2025-12-14T09:18:11","date_gmt":"2025-12-14T06:18:11","guid":{"rendered":"https:\/\/demo.filizdigital.com\/?post_type=product&#038;p=40933"},"modified":"2025-12-14T09:18:20","modified_gmt":"2025-12-14T06:18:20","slug":"alarmli-kapi-dokunma","status":"publish","type":"product","link":"https:\/\/demo.filizdigital.com\/index.php\/urun\/alarmli-kapi-dokunma\/","title":{"rendered":"Alarml\u0131 Kap\u0131 Dokunma"},"content":{"rendered":"<h3>Alarml\u0131 Kap\u0131 Dokunma Uyar\u0131 Levhas\u0131. Kamera alarm ve g\u00fcvenlik uyar\u0131lar\u0131 ile ilgili t\u00fcm uyar\u0131 levhalar\u0131na <a class=\"kategori\" title=\"g\u00fcvenlik kamera ikaz levhalar\u0131\" href=\"https:\/\/uyarilevha.com\/product-category\/is-guvenlik-levhalari\/kamera-alarm-ve-guvenlik-uyarilari\/\">&#8220;bu kategoriden&#8221;<\/a> ula\u015fabilirsin.<\/h3>\n","protected":false},"excerpt":{"rendered":"<p>Alarml\u0131 Kap\u0131 Dokunma \u0130kaz Levhas\u0131<\/p>\n","protected":false},"featured_media":40937,"comment_status":"open","ping_status":"closed","template":"","meta":[],"product_brand":[],"product_cat":[265,119],"product_tag":[264,163],"class_list":{"0":"post-40933","1":"product","2":"type-product","3":"status-publish","4":"has-post-thumbnail","6":"product_cat-kamera-alarm-ve-guvenlik-uyarilari","7":"product_cat-site-ve-apartman-yonetimi-levhalari","8":"product_tag-alarm","9":"product_tag-kapi","11":"first","12":"instock","13":"shipping-taxable","14":"purchasable","15":"product-type-variable","16":"has-default-attributes"},"_links":{"self":[{"href":"https:\/\/demo.filizdigital.com\/index.php\/wp-json\/wp\/v2\/product\/40933","targetHints":{"allow":["GET"]}}],"collection":[{"href":"https:\/\/demo.filizdigital.com\/index.php\/wp-json\/wp\/v2\/product"}],"about":[{"href":"https:\/\/demo.filizdigital.com\/index.php\/wp-json\/wp\/v2\/types\/product"}],"replies":[{"embeddable":true,"href":"https:\/\/demo.filizdigital.com\/index.php\/wp-json\/wp\/v2\/comments?post=40933"}],"wp:featuredmedia":[{"embeddable":true,"href":"https:\/\/demo.filizdigital.com\/index.php\/wp-json\/wp\/v2\/media\/40937"}],"wp:attachment":[{"href":"https:\/\/demo.filizdigital.com\/index.php\/wp-json\/wp\/v2\/media?parent=40933"}],"wp:term":[{"taxonomy":"product_brand","embeddable":true,"href":"https:\/\/demo.filizdigital.com\/index.php\/wp-json\/wp\/v2\/product_brand?post=40933"},{"taxonomy":"product_cat","embeddable":true,"href":"https:\/\/demo.filizdigital.com\/index.php\/wp-json\/wp\/v2\/product_cat?post=40933"},{"taxonomy":"product_tag","embeddable":true,"href":"https:\/\/demo.filizdigital.com\/index.php\/wp-json\/wp\/v2\/product_tag?post=40933"}],"curies":[{"name":"wp","href":"https:\/\/api.w.org\/{rel}","templated":true}]}}