{"id":40984,"date":"2025-12-14T09:18:17","date_gmt":"2025-12-14T06:18:17","guid":{"rendered":"https:\/\/demo.filizdigital.com\/?post_type=product&#038;p=40984"},"modified":"2025-12-14T09:18:48","modified_gmt":"2025-12-14T06:18:48","slug":"alcak-tavan-basinizi-carpmayin-3","status":"publish","type":"product","link":"https:\/\/demo.filizdigital.com\/index.php\/urun\/alcak-tavan-basinizi-carpmayin-3\/","title":{"rendered":"Al\u00e7ak Tavan Ba\u015f\u0131n\u0131z\u0131 \u00c7arpmay\u0131n"},"content":{"rendered":"<h3>Al\u00e7ak Tavan Ba\u015f\u0131n\u0131z\u0131 \u00c7arpmay\u0131n Uyar\u0131 Levhas\u0131. D\u00fc\u015fme, \u00e7arpma ve zemin uyar\u0131lar\u0131 ile ilgili t\u00fcm uyar\u0131 levhalar\u0131na <a class=\"kategori\" title=\"d\u00fc\u015fme \u00e7arpma ve kaygan zemin levhalar\u0131\" href=\"https:\/\/uyarilevha.com\/product-category\/is-guvenlik-levhalari\/dusme-carpma-ve-zemin-uyarilari\/\">&#8220;bu kategoriden&#8221;<\/a> ula\u015fabilirsin.<\/h3>\n","protected":false},"excerpt":{"rendered":"<p>Al\u00e7ak Tavan Ba\u015f\u0131n\u0131z\u0131 \u00c7arpmay\u0131n \u0130kaz Levhas\u0131<\/p>\n","protected":false},"featured_media":41182,"comment_status":"open","ping_status":"closed","template":"","meta":[],"product_brand":[],"product_cat":[267,119],"product_tag":[268,269],"class_list":{"0":"post-40984","1":"product","2":"type-product","3":"status-publish","4":"has-post-thumbnail","6":"product_cat-dusme-carpma-ve-zemin-uyarilari","7":"product_cat-site-ve-apartman-yonetimi-levhalari","8":"product_tag-alcak","9":"product_tag-tavan","11":"first","12":"instock","13":"shipping-taxable","14":"purchasable","15":"product-type-variable","16":"has-default-attributes"},"_links":{"self":[{"href":"https:\/\/demo.filizdigital.com\/index.php\/wp-json\/wp\/v2\/product\/40984","targetHints":{"allow":["GET"]}}],"collection":[{"href":"https:\/\/demo.filizdigital.com\/index.php\/wp-json\/wp\/v2\/product"}],"about":[{"href":"https:\/\/demo.filizdigital.com\/index.php\/wp-json\/wp\/v2\/types\/product"}],"replies":[{"embeddable":true,"href":"https:\/\/demo.filizdigital.com\/index.php\/wp-json\/wp\/v2\/comments?post=40984"}],"wp:featuredmedia":[{"embeddable":true,"href":"https:\/\/demo.filizdigital.com\/index.php\/wp-json\/wp\/v2\/media\/41182"}],"wp:attachment":[{"href":"https:\/\/demo.filizdigital.com\/index.php\/wp-json\/wp\/v2\/media?parent=40984"}],"wp:term":[{"taxonomy":"product_brand","embeddable":true,"href":"https:\/\/demo.filizdigital.com\/index.php\/wp-json\/wp\/v2\/product_brand?post=40984"},{"taxonomy":"product_cat","embeddable":true,"href":"https:\/\/demo.filizdigital.com\/index.php\/wp-json\/wp\/v2\/product_cat?post=40984"},{"taxonomy":"product_tag","embeddable":true,"href":"https:\/\/demo.filizdigital.com\/index.php\/wp-json\/wp\/v2\/product_tag?post=40984"}],"curies":[{"name":"wp","href":"https:\/\/api.w.org\/{rel}","templated":true}]}}