{"id":41217,"date":"2025-12-14T09:18:45","date_gmt":"2025-12-14T06:18:45","guid":{"rendered":"https:\/\/demo.filizdigital.com\/?post_type=product&#038;p=41217"},"modified":"2025-12-14T09:19:11","modified_gmt":"2025-12-14T06:19:11","slug":"aldigin-takim-ve-malzemeyi-yerine-koy","status":"publish","type":"product","link":"https:\/\/demo.filizdigital.com\/index.php\/urun\/aldigin-takim-ve-malzemeyi-yerine-koy\/","title":{"rendered":"Ald\u0131\u011f\u0131n Tak\u0131m ve Malzemeyi Yerine Koy"},"content":{"rendered":"<h3>Ald\u0131\u011f\u0131n Tak\u0131m ve Malzemeyi Yerine Koy Uyar\u0131 Levhas\u0131. Ekipman ve malzeme uyar\u0131lar\u0131 ile ilgili t\u00fcm uyar\u0131 levhalar\u0131na <a class=\"kategori\" title=\"ekipman ve malzeme uyar\u0131 levhalar\u0131\" href=\"https:\/\/uyarilevha.com\/product-category\/is-guvenlik-levhalari\/ekipman-ve-malzeme-uyarilari\/\">&#8220;bu kategoriden&#8221;<\/a> ula\u015fabilirsin.<\/h3>\n","protected":false},"excerpt":{"rendered":"<p>Ald\u0131\u011f\u0131n Tak\u0131m ve Malzemeyi Yerine Koy \u0130kaz Levhas\u0131<\/p>\n","protected":false},"featured_media":41366,"comment_status":"open","ping_status":"closed","template":"","meta":[],"product_brand":[],"product_cat":[272],"product_tag":[186,276],"class_list":{"0":"post-41217","1":"product","2":"type-product","3":"status-publish","4":"has-post-thumbnail","6":"product_cat-ekipman-ve-malzeme-uyarilari","7":"product_tag-malzeme","8":"product_tag-takim","10":"first","11":"instock","12":"shipping-taxable","13":"purchasable","14":"product-type-variable","15":"has-default-attributes"},"_links":{"self":[{"href":"https:\/\/demo.filizdigital.com\/index.php\/wp-json\/wp\/v2\/product\/41217","targetHints":{"allow":["GET"]}}],"collection":[{"href":"https:\/\/demo.filizdigital.com\/index.php\/wp-json\/wp\/v2\/product"}],"about":[{"href":"https:\/\/demo.filizdigital.com\/index.php\/wp-json\/wp\/v2\/types\/product"}],"replies":[{"embeddable":true,"href":"https:\/\/demo.filizdigital.com\/index.php\/wp-json\/wp\/v2\/comments?post=41217"}],"wp:featuredmedia":[{"embeddable":true,"href":"https:\/\/demo.filizdigital.com\/index.php\/wp-json\/wp\/v2\/media\/41366"}],"wp:attachment":[{"href":"https:\/\/demo.filizdigital.com\/index.php\/wp-json\/wp\/v2\/media?parent=41217"}],"wp:term":[{"taxonomy":"product_brand","embeddable":true,"href":"https:\/\/demo.filizdigital.com\/index.php\/wp-json\/wp\/v2\/product_brand?post=41217"},{"taxonomy":"product_cat","embeddable":true,"href":"https:\/\/demo.filizdigital.com\/index.php\/wp-json\/wp\/v2\/product_cat?post=41217"},{"taxonomy":"product_tag","embeddable":true,"href":"https:\/\/demo.filizdigital.com\/index.php\/wp-json\/wp\/v2\/product_tag?post=41217"}],"curies":[{"name":"wp","href":"https:\/\/api.w.org\/{rel}","templated":true}]}}