{"id":41218,"date":"2025-12-14T09:18:45","date_gmt":"2025-12-14T06:18:45","guid":{"rendered":"https:\/\/demo.filizdigital.com\/?post_type=product&#038;p=41218"},"modified":"2025-12-14T09:19:00","modified_gmt":"2025-12-14T06:19:00","slug":"aldiginiz-anahtarlari-yerine-koyunuz","status":"publish","type":"product","link":"https:\/\/demo.filizdigital.com\/index.php\/urun\/aldiginiz-anahtarlari-yerine-koyunuz\/","title":{"rendered":"Ald\u0131\u011f\u0131n\u0131z Anahtarlar\u0131 Yerine Koyunuz"},"content":{"rendered":"<h3>Ald\u0131\u011f\u0131n\u0131z Anahtarlar\u0131 Yerine Koyunuz Uyar\u0131 Levhas\u0131. Ekipman ve malzeme uyar\u0131lar\u0131 ile ilgili t\u00fcm uyar\u0131 levhalar\u0131na <a class=\"kategori\" title=\"ekipman ve malzeme uyar\u0131 levhalar\u0131\" href=\"https:\/\/uyarilevha.com\/product-category\/is-guvenlik-levhalari\/ekipman-ve-malzeme-uyarilari\/\">&#8220;bu kategoriden&#8221;<\/a> ula\u015fabilirsin.<\/h3>\n","protected":false},"excerpt":{"rendered":"<p>Ald\u0131\u011f\u0131n\u0131z Anahtarlar\u0131 Yerine Koyunuz \u0130kaz Levhas\u0131<\/p>\n","protected":false},"featured_media":41276,"comment_status":"open","ping_status":"closed","template":"","meta":[],"product_brand":[],"product_cat":[272],"product_tag":[274],"class_list":{"0":"post-41218","1":"product","2":"type-product","3":"status-publish","4":"has-post-thumbnail","6":"product_cat-ekipman-ve-malzeme-uyarilari","7":"product_tag-anahtar","9":"first","10":"instock","11":"shipping-taxable","12":"purchasable","13":"product-type-variable","14":"has-default-attributes"},"_links":{"self":[{"href":"https:\/\/demo.filizdigital.com\/index.php\/wp-json\/wp\/v2\/product\/41218","targetHints":{"allow":["GET"]}}],"collection":[{"href":"https:\/\/demo.filizdigital.com\/index.php\/wp-json\/wp\/v2\/product"}],"about":[{"href":"https:\/\/demo.filizdigital.com\/index.php\/wp-json\/wp\/v2\/types\/product"}],"replies":[{"embeddable":true,"href":"https:\/\/demo.filizdigital.com\/index.php\/wp-json\/wp\/v2\/comments?post=41218"}],"wp:featuredmedia":[{"embeddable":true,"href":"https:\/\/demo.filizdigital.com\/index.php\/wp-json\/wp\/v2\/media\/41276"}],"wp:attachment":[{"href":"https:\/\/demo.filizdigital.com\/index.php\/wp-json\/wp\/v2\/media?parent=41218"}],"wp:term":[{"taxonomy":"product_brand","embeddable":true,"href":"https:\/\/demo.filizdigital.com\/index.php\/wp-json\/wp\/v2\/product_brand?post=41218"},{"taxonomy":"product_cat","embeddable":true,"href":"https:\/\/demo.filizdigital.com\/index.php\/wp-json\/wp\/v2\/product_cat?post=41218"},{"taxonomy":"product_tag","embeddable":true,"href":"https:\/\/demo.filizdigital.com\/index.php\/wp-json\/wp\/v2\/product_tag?post=41218"}],"curies":[{"name":"wp","href":"https:\/\/api.w.org\/{rel}","templated":true}]}}