{"id":41403,"date":"2025-12-14T09:19:08","date_gmt":"2025-12-14T06:19:08","guid":{"rendered":"https:\/\/demo.filizdigital.com\/?post_type=product&#038;p=41403"},"modified":"2025-12-14T09:19:14","modified_gmt":"2025-12-14T06:19:14","slug":"aletle-yapilabilecek-isi-elinle-yapma","status":"publish","type":"product","link":"https:\/\/demo.filizdigital.com\/index.php\/urun\/aletle-yapilabilecek-isi-elinle-yapma\/","title":{"rendered":"Aletle Yap\u0131labilecek \u0130\u015fi Elinle Yapma"},"content":{"rendered":"<h3>Aletle Yap\u0131labilecek \u0130\u015fi Elinle Yapma Uyar\u0131 Levhas\u0131. \u00c7al\u0131\u015fma ve uygulama uyar\u0131lar\u0131 ile ilgili t\u00fcm uyar\u0131 levhalar\u0131na <a class=\"kategori\" title=\"\u00c7al\u0131\u015fma ve uygulama uyar\u0131lar\u0131\" href=\"https:\/\/uyarilevha.com\/product-category\/is-guvenlik-levhalari\/calisma-ve-uygulama-uyarilari\/\">&#8220;bu kategoriden&#8221;<\/a> ula\u015fabilirsin.<\/h3>\n","protected":false},"excerpt":{"rendered":"<p>Aletle Yap\u0131labilecek \u0130\u015fi Elinle Yapma \u0130kaz Levhas\u0131<\/p>\n","protected":false},"featured_media":41427,"comment_status":"open","ping_status":"closed","template":"","meta":[],"product_brand":[],"product_cat":[277],"product_tag":[273],"class_list":{"0":"post-41403","1":"product","2":"type-product","3":"status-publish","4":"has-post-thumbnail","6":"product_cat-calisma-ve-uygulama-uyarilari","7":"product_tag-alet","9":"first","10":"instock","11":"shipping-taxable","12":"purchasable","13":"product-type-variable","14":"has-default-attributes"},"_links":{"self":[{"href":"https:\/\/demo.filizdigital.com\/index.php\/wp-json\/wp\/v2\/product\/41403","targetHints":{"allow":["GET"]}}],"collection":[{"href":"https:\/\/demo.filizdigital.com\/index.php\/wp-json\/wp\/v2\/product"}],"about":[{"href":"https:\/\/demo.filizdigital.com\/index.php\/wp-json\/wp\/v2\/types\/product"}],"replies":[{"embeddable":true,"href":"https:\/\/demo.filizdigital.com\/index.php\/wp-json\/wp\/v2\/comments?post=41403"}],"wp:featuredmedia":[{"embeddable":true,"href":"https:\/\/demo.filizdigital.com\/index.php\/wp-json\/wp\/v2\/media\/41427"}],"wp:attachment":[{"href":"https:\/\/demo.filizdigital.com\/index.php\/wp-json\/wp\/v2\/media?parent=41403"}],"wp:term":[{"taxonomy":"product_brand","embeddable":true,"href":"https:\/\/demo.filizdigital.com\/index.php\/wp-json\/wp\/v2\/product_brand?post=41403"},{"taxonomy":"product_cat","embeddable":true,"href":"https:\/\/demo.filizdigital.com\/index.php\/wp-json\/wp\/v2\/product_cat?post=41403"},{"taxonomy":"product_tag","embeddable":true,"href":"https:\/\/demo.filizdigital.com\/index.php\/wp-json\/wp\/v2\/product_tag?post=41403"}],"curies":[{"name":"wp","href":"https:\/\/api.w.org\/{rel}","templated":true}]}}