{"id":41544,"date":"2025-12-14T09:19:23","date_gmt":"2025-12-14T06:19:23","guid":{"rendered":"https:\/\/demo.filizdigital.com\/?post_type=product&#038;p=41544"},"modified":"2025-12-14T09:19:31","modified_gmt":"2025-12-14T06:19:31","slug":"all-activities-are-recorded-or-video-and-audio-device-to-aid-the-prosecution-of-her-crime-committed-against-this-facility","status":"publish","type":"product","link":"https:\/\/demo.filizdigital.com\/index.php\/urun\/all-activities-are-recorded-or-video-and-audio-device-to-aid-the-prosecution-of-her-crime-committed-against-this-facility\/","title":{"rendered":"All Activities Are Recorded or Video and Audio Device to Aid The Prosecution Of Her Crime Committed Against This Facility"},"content":{"rendered":"<h3>All Activities Are Recorded or Video and Audio Device to Aid The Prosecution Of Her Crime Committed Against This Facility Uyar\u0131 Levhas\u0131. Kamera alarm ve g\u00fcvenlik uyar\u0131lar\u0131 ile ilgili t\u00fcm uyar\u0131 levhalar\u0131na\u00a0<a class=\"kategori\" title=\"g\u00fcvenlik kamera ikaz levhalar\u0131\" href=\"https:\/\/uyarilevha.com\/product-category\/is-guvenlik-levhalari\/kamera-alarm-ve-guvenlik-uyarilari\/\">\u201cbu kategoriden\u201d<\/a>\u00a0ula\u015fabilirsin.<\/h3>\n","protected":false},"excerpt":{"rendered":"<p>All Activities Are Recorded or Video and Audio Device to Aid The Prosecution Of Her Crime Committed Against This Facility Security Sign<\/p>\n","protected":false},"featured_media":41550,"comment_status":"open","ping_status":"closed","template":"","meta":[],"product_brand":[],"product_cat":[265,119],"product_tag":[282,283,284],"class_list":{"0":"post-41544","1":"product","2":"type-product","3":"status-publish","4":"has-post-thumbnail","6":"product_cat-kamera-alarm-ve-guvenlik-uyarilari","7":"product_cat-site-ve-apartman-yonetimi-levhalari","8":"product_tag-camera","9":"product_tag-cctv","10":"product_tag-record","12":"first","13":"instock","14":"shipping-taxable","15":"purchasable","16":"product-type-variable","17":"has-default-attributes"},"_links":{"self":[{"href":"https:\/\/demo.filizdigital.com\/index.php\/wp-json\/wp\/v2\/product\/41544","targetHints":{"allow":["GET"]}}],"collection":[{"href":"https:\/\/demo.filizdigital.com\/index.php\/wp-json\/wp\/v2\/product"}],"about":[{"href":"https:\/\/demo.filizdigital.com\/index.php\/wp-json\/wp\/v2\/types\/product"}],"replies":[{"embeddable":true,"href":"https:\/\/demo.filizdigital.com\/index.php\/wp-json\/wp\/v2\/comments?post=41544"}],"wp:featuredmedia":[{"embeddable":true,"href":"https:\/\/demo.filizdigital.com\/index.php\/wp-json\/wp\/v2\/media\/41550"}],"wp:attachment":[{"href":"https:\/\/demo.filizdigital.com\/index.php\/wp-json\/wp\/v2\/media?parent=41544"}],"wp:term":[{"taxonomy":"product_brand","embeddable":true,"href":"https:\/\/demo.filizdigital.com\/index.php\/wp-json\/wp\/v2\/product_brand?post=41544"},{"taxonomy":"product_cat","embeddable":true,"href":"https:\/\/demo.filizdigital.com\/index.php\/wp-json\/wp\/v2\/product_cat?post=41544"},{"taxonomy":"product_tag","embeddable":true,"href":"https:\/\/demo.filizdigital.com\/index.php\/wp-json\/wp\/v2\/product_tag?post=41544"}],"curies":[{"name":"wp","href":"https:\/\/api.w.org\/{rel}","templated":true}]}}