{"id":41638,"date":"2025-12-14T09:19:34","date_gmt":"2025-12-14T06:19:34","guid":{"rendered":"https:\/\/demo.filizdigital.com\/?post_type=product&#038;p=41638"},"modified":"2025-12-14T09:19:42","modified_gmt":"2025-12-14T06:19:42","slug":"ambalaj-stok-alani","status":"publish","type":"product","link":"https:\/\/demo.filizdigital.com\/index.php\/urun\/ambalaj-stok-alani\/","title":{"rendered":"Ambalaj Stok Alan\u0131"},"content":{"rendered":"<h3>Ambalaj Stok Alan\u0131 Uyar\u0131 Levhas\u0131. Belirlenmi\u015f alanlar ile ilgili uyar\u0131 levhalar\u0131na <a class=\"kategori\" title=\"belirlenmi\u015f alanlar\" href=\"https:\/\/uyarilevha.com\/product-category\/is-guvenlik-levhalari\/belirlenmis-alanlar\/\">&#8220;bu kategoriden&#8221;<\/a>\u00a0ula\u015fabilirsin.<\/h3>\n","protected":false},"excerpt":{"rendered":"<p>Ambalaj Stok Alan\u0131 \u0130kaz Levhas\u0131<\/p>\n","protected":false},"featured_media":41642,"comment_status":"open","ping_status":"closed","template":"","meta":[],"product_brand":[],"product_cat":[122],"product_tag":[242,288],"class_list":{"0":"post-41638","1":"product","2":"type-product","3":"status-publish","4":"has-post-thumbnail","6":"product_cat-belirlenmis-alanlar","7":"product_tag-ambalaj","8":"product_tag-stok","10":"first","11":"instock","12":"shipping-taxable","13":"purchasable","14":"product-type-variable","15":"has-default-attributes"},"_links":{"self":[{"href":"https:\/\/demo.filizdigital.com\/index.php\/wp-json\/wp\/v2\/product\/41638","targetHints":{"allow":["GET"]}}],"collection":[{"href":"https:\/\/demo.filizdigital.com\/index.php\/wp-json\/wp\/v2\/product"}],"about":[{"href":"https:\/\/demo.filizdigital.com\/index.php\/wp-json\/wp\/v2\/types\/product"}],"replies":[{"embeddable":true,"href":"https:\/\/demo.filizdigital.com\/index.php\/wp-json\/wp\/v2\/comments?post=41638"}],"wp:featuredmedia":[{"embeddable":true,"href":"https:\/\/demo.filizdigital.com\/index.php\/wp-json\/wp\/v2\/media\/41642"}],"wp:attachment":[{"href":"https:\/\/demo.filizdigital.com\/index.php\/wp-json\/wp\/v2\/media?parent=41638"}],"wp:term":[{"taxonomy":"product_brand","embeddable":true,"href":"https:\/\/demo.filizdigital.com\/index.php\/wp-json\/wp\/v2\/product_brand?post=41638"},{"taxonomy":"product_cat","embeddable":true,"href":"https:\/\/demo.filizdigital.com\/index.php\/wp-json\/wp\/v2\/product_cat?post=41638"},{"taxonomy":"product_tag","embeddable":true,"href":"https:\/\/demo.filizdigital.com\/index.php\/wp-json\/wp\/v2\/product_tag?post=41638"}],"curies":[{"name":"wp","href":"https:\/\/api.w.org\/{rel}","templated":true}]}}