{"id":41685,"date":"2025-12-14T09:19:40","date_gmt":"2025-12-14T06:19:40","guid":{"rendered":"https:\/\/demo.filizdigital.com\/?post_type=product&#038;p=41685"},"modified":"2025-12-14T09:19:46","modified_gmt":"2025-12-14T06:19:46","slug":"ambar","status":"publish","type":"product","link":"https:\/\/demo.filizdigital.com\/index.php\/urun\/ambar\/","title":{"rendered":"Ambar"},"content":{"rendered":"<h3>Ambar Uyar\u0131 Levhas\u0131. B\u00f6l\u00fcm yer ve k\u0131s\u0131mlar ile ilgili ikaz levhalar\u0131 ile ilgili t\u00fcm uyar\u0131 levhalar\u0131na <a class=\"kategori\" title=\"b\u00f6l\u00fcm yer ve k\u0131s\u0131m ikaz levhalar\u0131\" href=\"https:\/\/uyarilevha.com\/product-category\/is-guvenlik-levhalari\/bolum-yer-ve-kisimlar\/\">&#8220;bu kategoriden&#8221;<\/a> ula\u015fabilirsin.<\/h3>\n","protected":false},"excerpt":{"rendered":"<p>Ambar \u0130kaz Levhas\u0131<\/p>\n","protected":false},"featured_media":41703,"comment_status":"open","ping_status":"closed","template":"","meta":[],"product_brand":[],"product_cat":[88],"product_tag":[289],"class_list":{"0":"post-41685","1":"product","2":"type-product","3":"status-publish","4":"has-post-thumbnail","6":"product_cat-bolum-yer-ve-kisimlar","7":"product_tag-ambar","9":"first","10":"instock","11":"shipping-taxable","12":"purchasable","13":"product-type-variable","14":"has-default-attributes"},"_links":{"self":[{"href":"https:\/\/demo.filizdigital.com\/index.php\/wp-json\/wp\/v2\/product\/41685","targetHints":{"allow":["GET"]}}],"collection":[{"href":"https:\/\/demo.filizdigital.com\/index.php\/wp-json\/wp\/v2\/product"}],"about":[{"href":"https:\/\/demo.filizdigital.com\/index.php\/wp-json\/wp\/v2\/types\/product"}],"replies":[{"embeddable":true,"href":"https:\/\/demo.filizdigital.com\/index.php\/wp-json\/wp\/v2\/comments?post=41685"}],"wp:featuredmedia":[{"embeddable":true,"href":"https:\/\/demo.filizdigital.com\/index.php\/wp-json\/wp\/v2\/media\/41703"}],"wp:attachment":[{"href":"https:\/\/demo.filizdigital.com\/index.php\/wp-json\/wp\/v2\/media?parent=41685"}],"wp:term":[{"taxonomy":"product_brand","embeddable":true,"href":"https:\/\/demo.filizdigital.com\/index.php\/wp-json\/wp\/v2\/product_brand?post=41685"},{"taxonomy":"product_cat","embeddable":true,"href":"https:\/\/demo.filizdigital.com\/index.php\/wp-json\/wp\/v2\/product_cat?post=41685"},{"taxonomy":"product_tag","embeddable":true,"href":"https:\/\/demo.filizdigital.com\/index.php\/wp-json\/wp\/v2\/product_tag?post=41685"}],"curies":[{"name":"wp","href":"https:\/\/api.w.org\/{rel}","templated":true}]}}