{"id":41873,"date":"2025-12-14T09:20:02","date_gmt":"2025-12-14T06:20:02","guid":{"rendered":"https:\/\/demo.filizdigital.com\/?post_type=product&#038;p=41873"},"modified":"2025-12-14T09:20:12","modified_gmt":"2025-12-14T06:20:12","slug":"solar-besleme-sebekesi-izole-etmeden-mudahale-etmeyiniz","status":"publish","type":"product","link":"https:\/\/demo.filizdigital.com\/index.php\/urun\/solar-besleme-sebekesi-izole-etmeden-mudahale-etmeyiniz\/","title":{"rendered":"Solar Besleme \u015eebekesi \u0130zole Etmeden M\u00fcdahale Etmeyiniz"},"content":{"rendered":"<h3>Solar Besleme \u015eebekesi \u0130zole Etmeden M\u00fcdahale Etmeyiniz Uyar\u0131 Levhas\u0131. Elektrik uyar\u0131 ile ilgili t\u00fcm levhalara <a class=\"kategori\" href=\"https:\/\/uyarilevha.com\/product-category\/is-guvenlik-levhalari\/elektrik-uyari-levhari\/\">&#8220;bu kategoriden&#8221;<\/a> ula\u015fabilirsin.<\/h3>\n","protected":false},"excerpt":{"rendered":"<p>Solar Besleme \u015eebekesi \u0130zole Etmeden M\u00fcdahale Etmeyiniz \u0130kaz Levhas\u0131<\/p>\n","protected":false},"featured_media":41887,"comment_status":"open","ping_status":"closed","template":"","meta":[],"product_brand":[],"product_cat":[103,245],"product_tag":[295,296,297],"class_list":{"0":"post-41873","1":"product","2":"type-product","3":"status-publish","4":"has-post-thumbnail","6":"product_cat-elektrik-uyari-levhari","7":"product_cat-tamir-bakim-ve-ariza-uyarilari","8":"product_tag-izole","9":"product_tag-sebeke","10":"product_tag-solar","12":"first","13":"instock","14":"shipping-taxable","15":"purchasable","16":"product-type-variable","17":"has-default-attributes"},"_links":{"self":[{"href":"https:\/\/demo.filizdigital.com\/index.php\/wp-json\/wp\/v2\/product\/41873","targetHints":{"allow":["GET"]}}],"collection":[{"href":"https:\/\/demo.filizdigital.com\/index.php\/wp-json\/wp\/v2\/product"}],"about":[{"href":"https:\/\/demo.filizdigital.com\/index.php\/wp-json\/wp\/v2\/types\/product"}],"replies":[{"embeddable":true,"href":"https:\/\/demo.filizdigital.com\/index.php\/wp-json\/wp\/v2\/comments?post=41873"}],"wp:featuredmedia":[{"embeddable":true,"href":"https:\/\/demo.filizdigital.com\/index.php\/wp-json\/wp\/v2\/media\/41887"}],"wp:attachment":[{"href":"https:\/\/demo.filizdigital.com\/index.php\/wp-json\/wp\/v2\/media?parent=41873"}],"wp:term":[{"taxonomy":"product_brand","embeddable":true,"href":"https:\/\/demo.filizdigital.com\/index.php\/wp-json\/wp\/v2\/product_brand?post=41873"},{"taxonomy":"product_cat","embeddable":true,"href":"https:\/\/demo.filizdigital.com\/index.php\/wp-json\/wp\/v2\/product_cat?post=41873"},{"taxonomy":"product_tag","embeddable":true,"href":"https:\/\/demo.filizdigital.com\/index.php\/wp-json\/wp\/v2\/product_tag?post=41873"}],"curies":[{"name":"wp","href":"https:\/\/api.w.org\/{rel}","templated":true}]}}