{"id":41920,"date":"2025-12-14T09:20:09","date_gmt":"2025-12-14T06:20:09","guid":{"rendered":"https:\/\/demo.filizdigital.com\/?post_type=product&#038;p=41920"},"modified":"2025-12-14T09:20:16","modified_gmt":"2025-12-14T06:20:16","slug":"antibacterial-area","status":"publish","type":"product","link":"https:\/\/demo.filizdigital.com\/index.php\/urun\/antibacterial-area\/","title":{"rendered":"Antibacterial Area"},"content":{"rendered":"<h3>Antibacterial Area Uyar\u0131 Levhas\u0131. Belirlenmi\u015f alanlar ile ilgili uyar\u0131 levhalar\u0131na <a class=\"kategori\" title=\"belirlenmi\u015f alanlar\" href=\"https:\/\/uyarilevha.com\/product-category\/is-guvenlik-levhalari\/belirlenmis-alanlar\/\">&#8220;bu kategoriden&#8221;<\/a>\u00a0ula\u015fabilirsin.<\/h3>\n","protected":false},"excerpt":{"rendered":"<p>Antibacterial Area \u0130kaz Levhas\u0131<\/p>\n","protected":false},"featured_media":41948,"comment_status":"open","ping_status":"closed","template":"","meta":[],"product_brand":[],"product_cat":[122],"product_tag":[298],"class_list":{"0":"post-41920","1":"product","2":"type-product","3":"status-publish","4":"has-post-thumbnail","6":"product_cat-belirlenmis-alanlar","7":"product_tag-antibacterial","9":"first","10":"instock","11":"shipping-taxable","12":"purchasable","13":"product-type-variable","14":"has-default-attributes"},"_links":{"self":[{"href":"https:\/\/demo.filizdigital.com\/index.php\/wp-json\/wp\/v2\/product\/41920","targetHints":{"allow":["GET"]}}],"collection":[{"href":"https:\/\/demo.filizdigital.com\/index.php\/wp-json\/wp\/v2\/product"}],"about":[{"href":"https:\/\/demo.filizdigital.com\/index.php\/wp-json\/wp\/v2\/types\/product"}],"replies":[{"embeddable":true,"href":"https:\/\/demo.filizdigital.com\/index.php\/wp-json\/wp\/v2\/comments?post=41920"}],"wp:featuredmedia":[{"embeddable":true,"href":"https:\/\/demo.filizdigital.com\/index.php\/wp-json\/wp\/v2\/media\/41948"}],"wp:attachment":[{"href":"https:\/\/demo.filizdigital.com\/index.php\/wp-json\/wp\/v2\/media?parent=41920"}],"wp:term":[{"taxonomy":"product_brand","embeddable":true,"href":"https:\/\/demo.filizdigital.com\/index.php\/wp-json\/wp\/v2\/product_brand?post=41920"},{"taxonomy":"product_cat","embeddable":true,"href":"https:\/\/demo.filizdigital.com\/index.php\/wp-json\/wp\/v2\/product_cat?post=41920"},{"taxonomy":"product_tag","embeddable":true,"href":"https:\/\/demo.filizdigital.com\/index.php\/wp-json\/wp\/v2\/product_tag?post=41920"}],"curies":[{"name":"wp","href":"https:\/\/api.w.org\/{rel}","templated":true}]}}