{"id":41967,"date":"2025-12-14T09:20:14","date_gmt":"2025-12-14T06:20:14","guid":{"rendered":"https:\/\/demo.filizdigital.com\/?post_type=product&#038;p=41967"},"modified":"2025-12-14T09:20:23","modified_gmt":"2025-12-14T06:20:23","slug":"antistatik-ayakkabi-kullan","status":"publish","type":"product","link":"https:\/\/demo.filizdigital.com\/index.php\/urun\/antistatik-ayakkabi-kullan\/","title":{"rendered":"Antistatik Ayakkab\u0131 Kullan"},"content":{"rendered":"<h3>Antistatik Ayakkab\u0131 Kullan Uyar\u0131 Levhas\u0131.<\/h3>\n","protected":false},"excerpt":{"rendered":"<p>Antistatik Ayakkab\u0131 Kullan Uyar\u0131 Levhas\u0131<\/p>\n","protected":false},"featured_media":41979,"comment_status":"open","ping_status":"closed","template":"","meta":[],"product_brand":[],"product_cat":[68],"product_tag":[299,300],"class_list":{"0":"post-41967","1":"product","2":"type-product","3":"status-publish","4":"has-post-thumbnail","6":"product_cat-kisisel-koruyucu-donanimlar","7":"product_tag-antistatik","8":"product_tag-ayakkabi","10":"first","11":"instock","12":"shipping-taxable","13":"purchasable","14":"product-type-variable","15":"has-default-attributes"},"_links":{"self":[{"href":"https:\/\/demo.filizdigital.com\/index.php\/wp-json\/wp\/v2\/product\/41967","targetHints":{"allow":["GET"]}}],"collection":[{"href":"https:\/\/demo.filizdigital.com\/index.php\/wp-json\/wp\/v2\/product"}],"about":[{"href":"https:\/\/demo.filizdigital.com\/index.php\/wp-json\/wp\/v2\/types\/product"}],"replies":[{"embeddable":true,"href":"https:\/\/demo.filizdigital.com\/index.php\/wp-json\/wp\/v2\/comments?post=41967"}],"wp:featuredmedia":[{"embeddable":true,"href":"https:\/\/demo.filizdigital.com\/index.php\/wp-json\/wp\/v2\/media\/41979"}],"wp:attachment":[{"href":"https:\/\/demo.filizdigital.com\/index.php\/wp-json\/wp\/v2\/media?parent=41967"}],"wp:term":[{"taxonomy":"product_brand","embeddable":true,"href":"https:\/\/demo.filizdigital.com\/index.php\/wp-json\/wp\/v2\/product_brand?post=41967"},{"taxonomy":"product_cat","embeddable":true,"href":"https:\/\/demo.filizdigital.com\/index.php\/wp-json\/wp\/v2\/product_cat?post=41967"},{"taxonomy":"product_tag","embeddable":true,"href":"https:\/\/demo.filizdigital.com\/index.php\/wp-json\/wp\/v2\/product_tag?post=41967"}],"curies":[{"name":"wp","href":"https:\/\/api.w.org\/{rel}","templated":true}]}}