{"id":42061,"date":"2025-12-14T09:20:24","date_gmt":"2025-12-14T06:20:24","guid":{"rendered":"https:\/\/demo.filizdigital.com\/?post_type=product&#038;p=42061"},"modified":"2025-12-14T09:20:34","modified_gmt":"2025-12-14T06:20:34","slug":"apartmana-ait-otopark-alani-yabanci-araclar-cekemez-cezai-islem-uygulanir-araciniz-cektirilir","status":"publish","type":"product","link":"https:\/\/demo.filizdigital.com\/index.php\/urun\/apartmana-ait-otopark-alani-yabanci-araclar-cekemez-cezai-islem-uygulanir-araciniz-cektirilir\/","title":{"rendered":"Apartmana Ait Otopark Alan\u0131 Yabanc\u0131 Ara\u00e7lar \u00c7ekemez Cezai \u0130\u015flem Uygulan\u0131r Arac\u0131n\u0131z \u00c7ektirilir"},"content":{"rendered":"<h3>Apartmana Ait Otopark Alan\u0131 Yabanc\u0131 Ara\u00e7lar \u00c7ekemez Cezai \u0130\u015flem Uygulan\u0131r Arac\u0131n\u0131z \u00c7ektirilir Uyar\u0131 Levhas\u0131. Site y\u00f6netimi ile ilgili t\u00fcm uyar\u0131 levhalara <a class=\"kategori\" title=\"site y\u00f6netimi uyar\u0131 levhalar\u0131\" href=\"https:\/\/uyarilevha.com\/product-category\/is-guvenlik-levhalari\/site-yonetimi-levhalari\/\">&#8220;bu kategoriden&#8221;<\/a> ula\u015fabilirsin.<\/h3>\n","protected":false},"excerpt":{"rendered":"<p>Apartmana Ait Otopark Alan\u0131 Yabanc\u0131 Ara\u00e7lar \u00c7ekemez Cezai \u0130\u015flem Uygulan\u0131r Arac\u0131n\u0131z \u00c7ektirilir \u0130kaz Levhas\u0131<\/p>\n","protected":false},"featured_media":42077,"comment_status":"open","ping_status":"closed","template":"","meta":[],"product_brand":[],"product_cat":[173,119],"product_tag":[174,303,175,176],"class_list":{"0":"post-42061","1":"product","2":"type-product","3":"status-publish","4":"has-post-thumbnail","6":"product_cat-otopark-uyari-levhalari","7":"product_cat-site-ve-apartman-yonetimi-levhalari","8":"product_tag-arac","9":"product_tag-cekici","10":"product_tag-otopark","11":"product_tag-site","13":"first","14":"instock","15":"shipping-taxable","16":"purchasable","17":"product-type-variable","18":"has-default-attributes"},"_links":{"self":[{"href":"https:\/\/demo.filizdigital.com\/index.php\/wp-json\/wp\/v2\/product\/42061","targetHints":{"allow":["GET"]}}],"collection":[{"href":"https:\/\/demo.filizdigital.com\/index.php\/wp-json\/wp\/v2\/product"}],"about":[{"href":"https:\/\/demo.filizdigital.com\/index.php\/wp-json\/wp\/v2\/types\/product"}],"replies":[{"embeddable":true,"href":"https:\/\/demo.filizdigital.com\/index.php\/wp-json\/wp\/v2\/comments?post=42061"}],"wp:featuredmedia":[{"embeddable":true,"href":"https:\/\/demo.filizdigital.com\/index.php\/wp-json\/wp\/v2\/media\/42077"}],"wp:attachment":[{"href":"https:\/\/demo.filizdigital.com\/index.php\/wp-json\/wp\/v2\/media?parent=42061"}],"wp:term":[{"taxonomy":"product_brand","embeddable":true,"href":"https:\/\/demo.filizdigital.com\/index.php\/wp-json\/wp\/v2\/product_brand?post=42061"},{"taxonomy":"product_cat","embeddable":true,"href":"https:\/\/demo.filizdigital.com\/index.php\/wp-json\/wp\/v2\/product_cat?post=42061"},{"taxonomy":"product_tag","embeddable":true,"href":"https:\/\/demo.filizdigital.com\/index.php\/wp-json\/wp\/v2\/product_tag?post=42061"}],"curies":[{"name":"wp","href":"https:\/\/api.w.org\/{rel}","templated":true}]}}