{"id":42062,"date":"2025-12-14T09:20:24","date_gmt":"2025-12-14T06:20:24","guid":{"rendered":"https:\/\/demo.filizdigital.com\/?post_type=product&#038;p=42062"},"modified":"2025-12-14T09:20:48","modified_gmt":"2025-12-14T06:20:48","slug":"apartman-sakinlerine-ait-ozel-otopark-alanidir-park-etmek-yasaktir","status":"publish","type":"product","link":"https:\/\/demo.filizdigital.com\/index.php\/urun\/apartman-sakinlerine-ait-ozel-otopark-alanidir-park-etmek-yasaktir\/","title":{"rendered":"Apartman Sakinlerine Ait \u00d6zel Otopark Alan\u0131d\u0131r Park Etmek Yasakt\u0131r"},"content":{"rendered":"<h3>Apartman Sakinlerine Ait \u00d6zel Otopark Alan\u0131d\u0131r Park Etmek Yasakt\u0131r Uyar\u0131 Levhas\u0131. Site y\u00f6netimi ile ilgili t\u00fcm uyar\u0131 levhalara <a class=\"kategori\" title=\"site y\u00f6netimi uyar\u0131 levhalar\u0131\" href=\"https:\/\/uyarilevha.com\/product-category\/is-guvenlik-levhalari\/site-ve-apartman-yonetimi-levhalari\/\">&#8220;bu kategoriden&#8221;<\/a> ula\u015fabilirsin.<\/h3>\n","protected":false},"excerpt":{"rendered":"<p>Apartman Sakinlerine Ait \u00d6zel Otopark Alan\u0131d\u0131r Park Etmek Yasakt\u0131r\u00a0\u0130kaz Levhas\u0131<\/p>\n","protected":false},"featured_media":42227,"comment_status":"open","ping_status":"closed","template":"","meta":[],"product_brand":[],"product_cat":[173,119],"product_tag":[304,174,199],"class_list":{"0":"post-42062","1":"product","2":"type-product","3":"status-publish","4":"has-post-thumbnail","6":"product_cat-otopark-uyari-levhalari","7":"product_cat-site-ve-apartman-yonetimi-levhalari","8":"product_tag-apartman","9":"product_tag-arac","10":"product_tag-park","12":"first","13":"instock","14":"shipping-taxable","15":"purchasable","16":"product-type-variable","17":"has-default-attributes"},"_links":{"self":[{"href":"https:\/\/demo.filizdigital.com\/index.php\/wp-json\/wp\/v2\/product\/42062","targetHints":{"allow":["GET"]}}],"collection":[{"href":"https:\/\/demo.filizdigital.com\/index.php\/wp-json\/wp\/v2\/product"}],"about":[{"href":"https:\/\/demo.filizdigital.com\/index.php\/wp-json\/wp\/v2\/types\/product"}],"replies":[{"embeddable":true,"href":"https:\/\/demo.filizdigital.com\/index.php\/wp-json\/wp\/v2\/comments?post=42062"}],"wp:featuredmedia":[{"embeddable":true,"href":"https:\/\/demo.filizdigital.com\/index.php\/wp-json\/wp\/v2\/media\/42227"}],"wp:attachment":[{"href":"https:\/\/demo.filizdigital.com\/index.php\/wp-json\/wp\/v2\/media?parent=42062"}],"wp:term":[{"taxonomy":"product_brand","embeddable":true,"href":"https:\/\/demo.filizdigital.com\/index.php\/wp-json\/wp\/v2\/product_brand?post=42062"},{"taxonomy":"product_cat","embeddable":true,"href":"https:\/\/demo.filizdigital.com\/index.php\/wp-json\/wp\/v2\/product_cat?post=42062"},{"taxonomy":"product_tag","embeddable":true,"href":"https:\/\/demo.filizdigital.com\/index.php\/wp-json\/wp\/v2\/product_tag?post=42062"}],"curies":[{"name":"wp","href":"https:\/\/api.w.org\/{rel}","templated":true}]}}