{"id":42067,"date":"2025-12-14T09:20:25","date_gmt":"2025-12-14T06:20:25","guid":{"rendered":"https:\/\/demo.filizdigital.com\/?post_type=product&#038;p=42067"},"modified":"2025-12-14T09:21:47","modified_gmt":"2025-12-14T06:21:47","slug":"apartmani-sakinlerine-ait-park-alani-park-etmek-yasaktir","status":"publish","type":"product","link":"https:\/\/demo.filizdigital.com\/index.php\/urun\/apartmani-sakinlerine-ait-park-alani-park-etmek-yasaktir\/","title":{"rendered":"Apartman\u0131 Sakinlerine Ait Park Alan\u0131 Park Etmek Yasakt\u0131r"},"content":{"rendered":"<h3>Apartman\u0131 Sakinlerine Ait Park Alan\u0131 Park Etmek Yasakt\u0131r Uyar\u0131 Levhas\u0131, \u00dcreticiden uyar\u0131 levhalar\u0131. H\u0131zl\u0131 ve g\u00fcvenli g\u00f6nderim ile ikaz levhalar\u0131n\u0131 sat\u0131n al. Site y\u00f6netimi ile ilgili t\u00fcm uyar\u0131 levhalara <a class=\"kategori\" title=\"site y\u00f6netimi uyar\u0131 levhalar\u0131\" href=\"https:\/\/uyarilevha.com\/product-category\/is-guvenlik-levhalari\/site-ve-apartman-yonetimi-levhalari\/\">&#8220;bu kategoriden&#8221;<\/a> ula\u015fabilirsin.<\/h3>\n","protected":false},"excerpt":{"rendered":"<p>Apartman\u0131 Sakinlerine Ait Park Alan\u0131 Park Etmek Yasakt\u0131r \u0130kaz Levhas\u0131<\/p>\n","protected":false},"featured_media":42686,"comment_status":"open","ping_status":"closed","template":"","meta":[],"product_brand":[],"product_cat":[119],"product_tag":[304,199],"class_list":{"0":"post-42067","1":"product","2":"type-product","3":"status-publish","4":"has-post-thumbnail","6":"product_cat-site-ve-apartman-yonetimi-levhalari","7":"product_tag-apartman","8":"product_tag-park","10":"first","11":"instock","12":"shipping-taxable","13":"purchasable","14":"product-type-variable","15":"has-default-attributes"},"_links":{"self":[{"href":"https:\/\/demo.filizdigital.com\/index.php\/wp-json\/wp\/v2\/product\/42067","targetHints":{"allow":["GET"]}}],"collection":[{"href":"https:\/\/demo.filizdigital.com\/index.php\/wp-json\/wp\/v2\/product"}],"about":[{"href":"https:\/\/demo.filizdigital.com\/index.php\/wp-json\/wp\/v2\/types\/product"}],"replies":[{"embeddable":true,"href":"https:\/\/demo.filizdigital.com\/index.php\/wp-json\/wp\/v2\/comments?post=42067"}],"wp:featuredmedia":[{"embeddable":true,"href":"https:\/\/demo.filizdigital.com\/index.php\/wp-json\/wp\/v2\/media\/42686"}],"wp:attachment":[{"href":"https:\/\/demo.filizdigital.com\/index.php\/wp-json\/wp\/v2\/media?parent=42067"}],"wp:term":[{"taxonomy":"product_brand","embeddable":true,"href":"https:\/\/demo.filizdigital.com\/index.php\/wp-json\/wp\/v2\/product_brand?post=42067"},{"taxonomy":"product_cat","embeddable":true,"href":"https:\/\/demo.filizdigital.com\/index.php\/wp-json\/wp\/v2\/product_cat?post=42067"},{"taxonomy":"product_tag","embeddable":true,"href":"https:\/\/demo.filizdigital.com\/index.php\/wp-json\/wp\/v2\/product_tag?post=42067"}],"curies":[{"name":"wp","href":"https:\/\/api.w.org\/{rel}","templated":true}]}}