{"id":42532,"date":"2025-12-14T09:21:22","date_gmt":"2025-12-14T06:21:22","guid":{"rendered":"https:\/\/demo.filizdigital.com\/?post_type=product&#038;p=42532"},"modified":"2025-12-14T09:21:29","modified_gmt":"2025-12-14T06:21:29","slug":"apartman-girisidir-arac-park-etmeyin-araciniz-cekilir","status":"publish","type":"product","link":"https:\/\/demo.filizdigital.com\/index.php\/urun\/apartman-girisidir-arac-park-etmeyin-araciniz-cekilir\/","title":{"rendered":"Apartman Giri\u015fidir Ara\u00e7 Park Etmeyin Arac\u0131n\u0131z \u00c7ekilir"},"content":{"rendered":"<h3>Apartman Giri\u015fidir Ara\u00e7 Park Etmeyin Arac\u0131n\u0131z \u00c7ekilir Uyar\u0131 Levhas\u0131. Site y\u00f6netimi ile ilgili t\u00fcm uyar\u0131 levhalara <a class=\"kategori\" title=\"site y\u00f6netimi uyar\u0131 levhalar\u0131\" href=\"https:\/\/uyarilevha.com\/product-category\/is-guvenlik-levhalari\/site-ve-apartman-yonetimi-levhalari\/\">&#8220;bu kategoriden&#8221;<\/a> ula\u015fabilirsin.<\/h3>\n","protected":false},"excerpt":{"rendered":"<p>Apartman Giri\u015fidir Ara\u00e7 Park Etmeyin Arac\u0131n\u0131z \u00c7ekilir \u0130kaz Levhas\u0131<\/p>\n","protected":false},"featured_media":42565,"comment_status":"open","ping_status":"closed","template":"","meta":[],"product_brand":[],"product_cat":[173,119],"product_tag":[304,215,199],"class_list":{"0":"post-42532","1":"product","2":"type-product","3":"status-publish","4":"has-post-thumbnail","6":"product_cat-otopark-uyari-levhalari","7":"product_cat-site-ve-apartman-yonetimi-levhalari","8":"product_tag-apartman","9":"product_tag-giris","10":"product_tag-park","12":"first","13":"instock","14":"shipping-taxable","15":"purchasable","16":"product-type-variable","17":"has-default-attributes"},"_links":{"self":[{"href":"https:\/\/demo.filizdigital.com\/index.php\/wp-json\/wp\/v2\/product\/42532","targetHints":{"allow":["GET"]}}],"collection":[{"href":"https:\/\/demo.filizdigital.com\/index.php\/wp-json\/wp\/v2\/product"}],"about":[{"href":"https:\/\/demo.filizdigital.com\/index.php\/wp-json\/wp\/v2\/types\/product"}],"replies":[{"embeddable":true,"href":"https:\/\/demo.filizdigital.com\/index.php\/wp-json\/wp\/v2\/comments?post=42532"}],"wp:featuredmedia":[{"embeddable":true,"href":"https:\/\/demo.filizdigital.com\/index.php\/wp-json\/wp\/v2\/media\/42565"}],"wp:attachment":[{"href":"https:\/\/demo.filizdigital.com\/index.php\/wp-json\/wp\/v2\/media?parent=42532"}],"wp:term":[{"taxonomy":"product_brand","embeddable":true,"href":"https:\/\/demo.filizdigital.com\/index.php\/wp-json\/wp\/v2\/product_brand?post=42532"},{"taxonomy":"product_cat","embeddable":true,"href":"https:\/\/demo.filizdigital.com\/index.php\/wp-json\/wp\/v2\/product_cat?post=42532"},{"taxonomy":"product_tag","embeddable":true,"href":"https:\/\/demo.filizdigital.com\/index.php\/wp-json\/wp\/v2\/product_tag?post=42532"}],"curies":[{"name":"wp","href":"https:\/\/api.w.org\/{rel}","templated":true}]}}